{"id":17632,"date":"2020-12-15T12:08:31","date_gmt":"2020-12-15T12:08:31","guid":{"rendered":"https:\/\/www.exploreparkour.com\/em-breve\/"},"modified":"2021-11-16T08:39:20","modified_gmt":"2021-11-16T08:39:20","slug":"em-breve","status":"publish","type":"page","link":"https:\/\/www.exploreparkour.com\/pt-br\/em-breve\/","title":{"rendered":"Em Breve"},"content":{"rendered":"<p>[et_pb_section fb_built=&#8221;1&#8243; _builder_version=&#8221;4.0.5&#8243; da_disable_devices=&#8221;off|off|off&#8221; global_colors_info=&#8221;{}&#8221; da_is_popup=&#8221;off&#8221; da_exit_intent=&#8221;off&#8221; da_has_close=&#8221;on&#8221; da_alt_close=&#8221;off&#8221; da_dark_close=&#8221;off&#8221; da_not_modal=&#8221;on&#8221; da_is_singular=&#8221;off&#8221; da_with_loader=&#8221;off&#8221; da_has_shadow=&#8221;on&#8221;][et_pb_row _builder_version=&#8221;4.0.5&#8243; global_colors_info=&#8221;{}&#8221;][et_pb_column type=&#8221;4_4&#8243; _builder_version=&#8221;4.0.5&#8243; global_colors_info=&#8221;{}&#8221;][et_pb_cta title=&#8221;Este conte\u00fado n\u00e3o existe ainda&#8221; button_text=&#8221;Novos Posts&#8221; _builder_version=&#8221;4.8.1&#8243; header_text_align=&#8221;center&#8221; body_line_height=&#8221;1.5em&#8221; background_image=&#8221;http:\/\/www.exploreparkour.com\/wp-content\/uploads\/2020\/05\/Problem-rushing-to-finish-the-balance.gif&#8221; module_alignment=&#8221;center&#8221; custom_margin=&#8221;0px||||false|false&#8221; custom_padding=&#8221;||14px|||&#8221; global_colors_info=&#8221;{}&#8221;][\/et_pb_cta][et_pb_text _builder_version=&#8221;4.8.1&#8243; text_font_size=&#8221;18px&#8221; global_colors_info=&#8221;{}&#8221;]<\/p>\n<p style=\"text-align: center;\">Ainda estamos criando ou refinando este t\u00f3pico. Talvez voc\u00ea gostaria de verificar abaixo alguns de nossos conte\u00fados finalizados!<\/p>\n<p>[\/et_pb_text][\/et_pb_column][\/et_pb_row][et_pb_row _builder_version=&#8221;4.4.6&#8243; global_colors_info=&#8221;{}&#8221;][et_pb_column type=&#8221;4_4&#8243; _builder_version=&#8221;4.4.6&#8243; global_colors_info=&#8221;{}&#8221;][et_pb_blog fullwidth=&#8221;off&#8221; posts_number=&#8221;15&#8243; include_categories=&#8221;all&#8221; use_manual_excerpt=&#8221;off&#8221; show_author=&#8221;off&#8221; show_excerpt=&#8221;off&#8221; show_pagination=&#8221;off&#8221; _builder_version=&#8221;4.13.1&#8243; header_text_align=&#8221;center&#8221; text_orientation=&#8221;center&#8221; hover_enabled=&#8221;0&#8243; border_style_all=&#8221;none&#8221; global_colors_info=&#8221;{}&#8221; show_date=&#8221;off&#8221; show_categories=&#8221;off&#8221; sticky_enabled=&#8221;0&#8243;][\/et_pb_blog][\/et_pb_column][\/et_pb_row][\/et_pb_section][et_pb_section fb_built=&#8221;1&#8243; _builder_version=&#8221;4.4.6&#8243; da_disable_devices=&#8221;off|off|off&#8221; global_colors_info=&#8221;{}&#8221; da_is_popup=&#8221;off&#8221; da_exit_intent=&#8221;off&#8221; da_has_close=&#8221;on&#8221; da_alt_close=&#8221;off&#8221; da_dark_close=&#8221;off&#8221; da_not_modal=&#8221;on&#8221; da_is_singular=&#8221;off&#8221; da_with_loader=&#8221;off&#8221; da_has_shadow=&#8221;on&#8221;][\/et_pb_section]<\/p>\n","protected":false},"excerpt":{"rendered":"<p>Ainda estamos criando ou refinando este t\u00f3pico. Talvez voc\u00ea gostaria de verificar abaixo alguns de nossos conte\u00fados finalizados!<\/p>\n","protected":false},"author":2,"featured_media":0,"parent":0,"menu_order":0,"comment_status":"closed","ping_status":"closed","template":"","meta":{"_et_pb_use_builder":"on","_et_pb_old_content":"","_et_gb_content_width":"","_uf_show_specific_survey":0,"_uf_disable_surveys":false,"footnotes":""},"class_list":["post-17632","page","type-page","status-publish","hentry"],"_links":{"self":[{"href":"https:\/\/www.exploreparkour.com\/pt-br\/wp-json\/wp\/v2\/pages\/17632","targetHints":{"allow":["GET"]}}],"collection":[{"href":"https:\/\/www.exploreparkour.com\/pt-br\/wp-json\/wp\/v2\/pages"}],"about":[{"href":"https:\/\/www.exploreparkour.com\/pt-br\/wp-json\/wp\/v2\/types\/page"}],"author":[{"embeddable":true,"href":"https:\/\/www.exploreparkour.com\/pt-br\/wp-json\/wp\/v2\/users\/2"}],"replies":[{"embeddable":true,"href":"https:\/\/www.exploreparkour.com\/pt-br\/wp-json\/wp\/v2\/comments?post=17632"}],"version-history":[{"count":4,"href":"https:\/\/www.exploreparkour.com\/pt-br\/wp-json\/wp\/v2\/pages\/17632\/revisions"}],"predecessor-version":[{"id":23873,"href":"https:\/\/www.exploreparkour.com\/pt-br\/wp-json\/wp\/v2\/pages\/17632\/revisions\/23873"}],"wp:attachment":[{"href":"https:\/\/www.exploreparkour.com\/pt-br\/wp-json\/wp\/v2\/media?parent=17632"}],"curies":[{"name":"wp","href":"https:\/\/api.w.org\/{rel}","templated":true}]}}