{"id":17744,"date":"2020-12-15T13:15:40","date_gmt":"2020-12-15T13:15:40","guid":{"rendered":"https:\/\/www.exploreparkour.com\/sobre\/jereme-sanders\/"},"modified":"2021-01-22T20:20:18","modified_gmt":"2021-01-22T20:20:18","slug":"jereme-sanders","status":"publish","type":"page","link":"https:\/\/www.exploreparkour.com\/pt-br\/sobre\/jereme-sanders\/","title":{"rendered":"Jereme Sanders"},"content":{"rendered":"<p>[et_pb_section fb_built=&#8221;1&#8243; _builder_version=&#8221;4.4.6&#8243; da_is_popup=&#8221;off&#8221; da_exit_intent=&#8221;off&#8221; da_has_close=&#8221;on&#8221; da_alt_close=&#8221;off&#8221; da_dark_close=&#8221;off&#8221; da_not_modal=&#8221;on&#8221; da_is_singular=&#8221;off&#8221; da_with_loader=&#8221;off&#8221; da_has_shadow=&#8221;on&#8221; da_disable_devices=&#8221;off|off|off&#8221;][et_pb_row column_structure=&#8221;1_2,1_2&#8243; _builder_version=&#8221;4.4.6&#8243; custom_margin=&#8221;-7px|auto||auto||&#8221;][et_pb_column type=&#8221;1_2&#8243; _builder_version=&#8221;4.4.6&#8243;][et_pb_text _builder_version=&#8221;4.4.6&#8243; text_font_size=&#8221;20px&#8221; header_text_align=&#8221;center&#8221; header_font_size=&#8221;36px&#8221; header_4_font=&#8221;||||||||&#8221; header_4_text_color=&#8221;#048c9e&#8221; text_orientation=&#8221;center&#8221; custom_margin=&#8221;||-1px|||&#8221; animation_style=&#8221;fade&#8221; animation_duration=&#8221;1400ms&#8221; header_font_size_tablet=&#8221;30px&#8221; header_font_size_phone=&#8221;24px&#8221; header_font_size_last_edited=&#8221;on|phone&#8221; header_4_font_size_tablet=&#8221;15px&#8221; header_4_font_size_phone=&#8221;14px&#8221; header_4_font_size_last_edited=&#8221;on|desktop&#8221;]<\/p>\n<h1 style=\"text-align: left\"><b>Jereme Sanders<\/b><\/h1>\n<h4 style=\"text-align: left\">Fundador e Criador de Conte\u00fado <\/h4>\n<p>[\/et_pb_text][et_pb_divider color=&#8221;#048c9e&#8221; _builder_version=&#8221;4.4.6&#8243; custom_margin=&#8221;||19px|||&#8221;][\/et_pb_divider][et_pb_image src=&#8221;http:\/\/www.exploreparkour.com\/wp-content\/uploads\/2019\/11\/jereme-profile.jpg&#8221; title_text=&#8221;Jereme &#8211; Perfil&#8221; disabled_on=&#8221;off|off|on&#8221; _builder_version=&#8221;4.4.6&#8243; animation_style=&#8221;fade&#8221; animation_direction=&#8221;bottom&#8221; animation_duration=&#8221;1400ms&#8221;][\/et_pb_image][et_pb_text _builder_version=&#8221;4.8.1&#8243; header_6_letter_spacing=&#8221;1px&#8221; header_6_line_height=&#8221;1.2em&#8221; animation_style=&#8221;fade&#8221; animation_duration=&#8221;1400ms&#8221; hover_enabled=&#8221;0&#8243; text_font_size_tablet=&#8221;16px&#8221; text_font_size_phone=&#8221;16px&#8221; text_font_size_last_edited=&#8221;on|phone&#8221; header_font_size_tablet=&#8221;&#8221; header_font_size_phone=&#8221;30px&#8221; header_font_size_last_edited=&#8221;on|phone&#8221; header_6_font_size_tablet=&#8221;14px&#8221; header_6_font_size_phone=&#8221;14px&#8221; header_6_font_size_last_edited=&#8221;on|tablet&#8221; sticky_enabled=&#8221;0&#8243;]<\/p>\n<ul>\n<li><em>Come\u00e7ou a Respirar <strong>| 1989<\/strong><\/em><\/li>\n<li><em>Come\u00e7ou a Treinar <strong>| 2002<\/strong><\/em><\/li>\n<li><em>Come\u00e7ou Parkour <strong> | 2003<\/strong><\/em><\/li>\n<li><em>Come\u00e7ou a Ensinar <strong>| 2008<\/strong><\/em><\/li>\n<\/ul>\n<h6 style=\"text-align: left;\"><strong><\/strong><\/h6>\n<p style=\"text-align: left;\"><strong>Para que voc\u00ea vive? <\/strong><\/p>\n<p>Eu vivo para me tornar a minha melhor vers\u00e3o e ajudar outros a fazer o mesmo.<\/p>\n<p style=\"text-align: left;\"><strong>Sua forma favorita de explorar?<\/strong><\/p>\n<p>Compartilhar movimento com amigos e encontrar novos lugares no mundo para pular&#8230; ou comer.<\/p>\n<ul>\n<li style=\"list-style-type: none;\"><\/li>\n<\/ul>\n<p>[\/et_pb_text][\/et_pb_column][et_pb_column type=&#8221;1_2&#8243; _builder_version=&#8221;4.4.6&#8243;][et_pb_image src=&#8221;http:\/\/www.exploreparkour.com\/wp-content\/uploads\/2019\/11\/jereme-profile.jpg&#8221; title_text=&#8221;Jereme &#8211; Perfil&#8221; disabled_on=&#8221;on|on|off&#8221; _builder_version=&#8221;4.4.6&#8243; animation_style=&#8221;fade&#8221; animation_direction=&#8221;bottom&#8221; animation_duration=&#8221;1400ms&#8221;][\/et_pb_image][et_pb_social_media_follow _builder_version=&#8221;4.4.6&#8243; text_orientation=&#8221;right&#8221; animation_style=&#8221;fade&#8221; animation_duration=&#8221;1400ms&#8221;][et_pb_social_media_follow_network social_network=&#8221;instagram&#8221; url=&#8221;https:\/\/www.instagram.com\/jeremesanders\/&#8221; _builder_version=&#8221;4.4.6&#8243; background_color=&#8221;#ea2c59&#8243; follow_button=&#8221;off&#8221; url_new_window=&#8221;on&#8221;]instagram[\/et_pb_social_media_follow_network][et_pb_social_media_follow_network social_network=&#8221;twitter&#8221; url=&#8221;https:\/\/twitter.com\/jeremesanders&#8221; _builder_version=&#8221;4.4.6&#8243; background_color=&#8221;#00aced&#8221; follow_button=&#8221;off&#8221; url_new_window=&#8221;on&#8221;]twitter[\/et_pb_social_media_follow_network][et_pb_social_media_follow_network social_network=&#8221;facebook&#8221; url=&#8221;https:\/\/www.facebook.com\/jeremesanders&#8221; _builder_version=&#8221;4.4.6&#8243; background_color=&#8221;#3b5998&#8243; follow_button=&#8221;off&#8221; url_new_window=&#8221;on&#8221;]facebook[\/et_pb_social_media_follow_network][\/et_pb_social_media_follow][\/et_pb_column][\/et_pb_row][et_pb_row _builder_version=&#8221;4.4.6&#8243;][et_pb_column type=&#8221;4_4&#8243; _builder_version=&#8221;4.4.6&#8243;][et_pb_toggle title=&#8221;Mais sobre Jereme&#8221; _builder_version=&#8221;4.4.6&#8243;]<\/p>\n<p><span style=\"font-weight: 400\">Ol\u00e1 a todos!<\/span><\/p>\n<p>&nbsp;<\/p>\n<p><span style=\"font-weight: 400\">Vou falar sobre isso de duas maneiras diferentes, para aqueles que s\u00f3 est\u00e3o interessados nos detalhes&#8230;<\/span><\/p>\n<ul>\n<li style=\"font-weight: 400\"><span style=\"font-weight: 400\">1\u00aa Gera\u00e7\u00e3o dos Praticantes de Parkour na America do Norte (Texas)<\/span><\/li>\n<li style=\"font-weight: 400\"><span style=\"font-weight: 400\">Hist\u00f3rico de Movimenta\u00e7\u00e3o<\/span><\/li>\n<ul>\n<li style=\"font-weight: 400\"><span style=\"font-weight: 400\">Jujitsu Japon\u00eas desde 2003<\/span><\/li>\n<li style=\"font-weight: 400\"><span style=\"font-weight: 400\">Escalada desde 2007<\/span><\/li>\n<li style=\"font-weight: 400\"><span style=\"font-weight: 400\">Acroyoga desde 2012<\/span><\/li>\n<li style=\"font-weight: 400\"><span style=\"font-weight: 400\">Systema desde 2015<\/span><\/li>\n<li style=\"font-weight: 400\"><span style=\"font-weight: 400\">Dan\u00e7a (Contempor\u00e2nea, Hip Hop e Break Dance) desde 2018<\/span><\/li>\n<li style=\"font-weight: 400\"><span style=\"font-weight: 400\">Me envolvi em Yoga, Slackline, Pole Dance e Ninja Warrior tamb\u00e9m ao longo do caminho. Interessado em diversos tipos de movimenta\u00e7\u00e3o e desafios<\/span><\/li>\n<\/ul>\n<li style=\"font-weight: 400\"><span style=\"font-weight: 400\">Hist\u00f3rico de Trabalho &#8211; Coaching<\/span><\/li>\n<ul>\n<li style=\"font-weight: 400\"><span style=\"font-weight: 400\">Assist\u00eancia na forma\u00e7\u00e3o do Parkour Texas em 2005-2008<\/span><\/li>\n<li style=\"font-weight: 400\"><span style=\"font-weight: 400\">Come\u00e7ei a ensinar\/performar com a American Parkour em 2008-2012<\/span><\/li>\n<li style=\"font-weight: 400\"><span style=\"font-weight: 400\">Fundador e respons\u00e1vel pela ParkourSA de 2012 \u00e0 2017<\/span><\/li>\n<li style=\"font-weight: 400\"><span style=\"font-weight: 400\">Head Coach da ParkourDXB de 2016 \u00e0 2019<\/span><\/li>\n<li style=\"font-weight: 400\"><span style=\"font-weight: 400\">Come\u00e7ei meu trabalho nesta plataforma em Outubro de 2019<\/span><\/li>\n<\/ul>\n<\/ul>\n<ul>\n<li style=\"font-weight: 400\"><span style=\"font-weight: 400\">Hist\u00f3rico de Trabalho &#8211; Performance <\/span><\/li>\n<\/ul>\n<p><span style=\"font-weight: 400\">Agora que isso j\u00e1 est\u00e1 feito, eu sou o Jereme, e \u00e9 um prazer te conhecer digitalmente. Desde t\u00e3o cedo quanto me lembro, eu sempre gostei de me movimentar. Eu estava apaixonado por explorar meu entorno, emulando o que vi nos filmes de artes marciais e geralmente fingindo ser um ninja. Eu usei a explora\u00e7\u00e3o ambiental, desafios e entretenimento (filmes, videogames) como uma forma de evitar estar presente em minha vida familiar n\u00e3o t\u00e3o ideal. Um r\u00e1pido avan\u00e7o para 2003 e o que era uma ca\u00e7a aos gambozinos para encontrar um restaurante japon\u00eas com minha m\u00e3e e meu irm\u00e3o nos levou a encontrar o meu primeiro dojo. Eu come\u00e7ei meus treinos de Jujitsu l\u00e1. Eu estava com raiva, introvertido e tinha muita energia com a qual n\u00e3o sabia o que fazer. <\/span><\/p>\n<p><span style=\"font-weight: 400\"> Pouco depois tive a sorte de ver os Yamakasi no programa &#8220;Ripley&#8217;s Believe It or Not&#8221; e ent\u00e3o minha jornada no Parkour tamb\u00e9m come\u00e7ou. As pessoas, li\u00e7\u00f5es, lutas, os sucessos e o crescimento pessoal que experimentei ao me encontrar e mergulhar nestas disciplinas n\u00e3o s\u00f3 me salvaram quando crian\u00e7a, mas me deram uma vida em conjunto a qual me dedicar.<\/span><\/p>\n<ol>\n<li style=\"font-weight: 400\"><span style=\"font-weight: 400\">Eu quero dominar meu corpo e minha mente, para ver do que sou verdadeiramente capaz como ser humano. Quero ser o melhor &#8220;eu&#8221; que possa ser.<\/span><\/li>\n<li style=\"font-weight: 400\"><span style=\"font-weight: 400\">Eu quero deixar este mundo um lugar melhor do que quando cheguei.<\/span><\/li>\n<\/ol>\n<p><span style=\"font-weight: 400\"> Estes objetivos t\u00eam sido meus princ\u00edpios norteadores desde aquela noite afortunada em San Antonio. Desde ent\u00e3o, ensinei milhares de pessoas em diversos lugares dos EUA e internacionalmente. Tive a sorte de ser um dos primeiros atletas patrocinados pela Tribo quando KSwiss estava tentando fazer um sapato de Free Running funcionar. Fiquei em 2\u00ba lugar (com Jared Davis) na categoria Estilo Livre em um dos primeiros eventos do NAPC. J\u00e1 fiquei sem teto, progredi, regressei e fiz muito pelo meio. No entanto, meus princ\u00edpios orientadores continuam os mesmos. Estou feliz onde estou e agora espero ansiosamente pelos erros, aprendizados, conex\u00f5es e a jornada que o Parkour me levou a iniciar. Hoje em dia ainda penso em meus primeiros objetivos, mas al\u00e9m disso, tamb\u00e9m quero compartilhar o Parkour como o vejo; uma disciplina profunda e bela que pode ajud\u00e1-lo a progredir como praticante e ser humano. Pelo caminho eu quero ensinar, criar e ajudar aqueles ao meu redor. Este site \u00e9 como eu me vejo cumprindo meus objetivos.<\/span><\/p>\n<p>[\/et_pb_toggle][\/et_pb_column][\/et_pb_row][et_pb_row _builder_version=&#8221;4.4.6&#8243;][et_pb_column type=&#8221;4_4&#8243; _builder_version=&#8221;4.4.6&#8243;][et_pb_video src=&#8221;https:\/\/www.youtube.com\/watch?v=zpglc7o_3bo&#8221; _builder_version=&#8221;4.4.6&#8243; animation_style=&#8221;fade&#8221; animation_duration=&#8221;1400ms&#8221;][\/et_pb_video][\/et_pb_column][\/et_pb_row][\/et_pb_section]<\/p>\n","protected":false},"excerpt":{"rendered":"<p>Jereme Sanders Fundador e Criador de Conte\u00fado Come\u00e7ou a Respirar | 1989 Come\u00e7ou a Treinar | 2002 Come\u00e7ou Parkour | 2003 Come\u00e7ou a Ensinar | 2008 Para que voc\u00ea vive? Eu vivo para me tornar a minha melhor vers\u00e3o e ajudar outros a fazer o mesmo. Sua forma favorita de explorar? Compartilhar movimento com amigos [&hellip;]<\/p>\n","protected":false},"author":2,"featured_media":0,"parent":17595,"menu_order":0,"comment_status":"closed","ping_status":"closed","template":"","meta":{"_et_pb_use_builder":"on","_et_pb_old_content":"","_et_gb_content_width":"","_uf_show_specific_survey":0,"_uf_disable_surveys":false,"footnotes":""},"class_list":["post-17744","page","type-page","status-publish","hentry"],"_links":{"self":[{"href":"https:\/\/www.exploreparkour.com\/pt-br\/wp-json\/wp\/v2\/pages\/17744","targetHints":{"allow":["GET"]}}],"collection":[{"href":"https:\/\/www.exploreparkour.com\/pt-br\/wp-json\/wp\/v2\/pages"}],"about":[{"href":"https:\/\/www.exploreparkour.com\/pt-br\/wp-json\/wp\/v2\/types\/page"}],"author":[{"embeddable":true,"href":"https:\/\/www.exploreparkour.com\/pt-br\/wp-json\/wp\/v2\/users\/2"}],"replies":[{"embeddable":true,"href":"https:\/\/www.exploreparkour.com\/pt-br\/wp-json\/wp\/v2\/comments?post=17744"}],"version-history":[{"count":5,"href":"https:\/\/www.exploreparkour.com\/pt-br\/wp-json\/wp\/v2\/pages\/17744\/revisions"}],"predecessor-version":[{"id":20400,"href":"https:\/\/www.exploreparkour.com\/pt-br\/wp-json\/wp\/v2\/pages\/17744\/revisions\/20400"}],"up":[{"embeddable":true,"href":"https:\/\/www.exploreparkour.com\/pt-br\/wp-json\/wp\/v2\/pages\/17595"}],"wp:attachment":[{"href":"https:\/\/www.exploreparkour.com\/pt-br\/wp-json\/wp\/v2\/media?parent=17744"}],"curies":[{"name":"wp","href":"https:\/\/api.w.org\/{rel}","templated":true}]}}