{"id":17774,"date":"2020-12-15T14:40:03","date_gmt":"2020-12-15T14:40:03","guid":{"rendered":"https:\/\/www.exploreparkour.com\/pedro-bessa\/"},"modified":"2024-10-21T15:09:33","modified_gmt":"2024-10-21T15:09:33","slug":"pedro-bessa","status":"publish","type":"page","link":"https:\/\/www.exploreparkour.com\/pt-br\/pedro-bessa\/","title":{"rendered":"Pedro Bessa"},"content":{"rendered":"<p>[et_pb_section fb_built=&#8221;1&#8243; _builder_version=&#8221;4.16&#8243; global_colors_info=&#8221;{}&#8221;][et_pb_row column_structure=&#8221;1_2,1_2&#8243; _builder_version=&#8221;4.16&#8243; custom_margin=&#8221;-7px|auto||auto||&#8221; global_colors_info=&#8221;{}&#8221;][et_pb_column type=&#8221;1_2&#8243; _builder_version=&#8221;4.16&#8243; global_colors_info=&#8221;{}&#8221;][et_pb_text _builder_version=&#8221;4.22.2&#8243; text_font_size=&#8221;20px&#8221; header_text_align=&#8221;center&#8221; header_font_size=&#8221;36px&#8221; header_4_font=&#8221;||||||||&#8221; header_4_text_color=&#8221;#048c9e&#8221; header_4_line_height=&#8221;1.2em&#8221; text_orientation=&#8221;center&#8221; custom_margin=&#8221;||-1px|||&#8221; animation_style=&#8221;fade&#8221; animation_duration=&#8221;1400ms&#8221; header_font_size_tablet=&#8221;30px&#8221; header_font_size_phone=&#8221;24px&#8221; header_font_size_last_edited=&#8221;on|phone&#8221; header_4_font_size_tablet=&#8221;15px&#8221; header_4_font_size_phone=&#8221;14px&#8221; header_4_font_size_last_edited=&#8221;on|desktop&#8221; global_colors_info=&#8221;{}&#8221;]<\/p>\n<h1 style=\"text-align: left;\"><b>Pedro Bessa<\/b><\/h1>\n<h4 style=\"text-align: left;\">Criador de Conte\u00fado<br \/>Tradutor Portugu\u00eas BR<br \/>Dono e Fundador da Academia Explore Parkour BR<\/h4>\n<p>[\/et_pb_text][et_pb_divider color=&#8221;#048c9e&#8221; _builder_version=&#8221;4.16&#8243; custom_margin=&#8221;||19px|||&#8221; global_colors_info=&#8221;{}&#8221;][\/et_pb_divider][et_pb_image src=&#8221;https:\/\/www.exploreparkour.com\/wp-content\/uploads\/2020\/12\/IMG-20170406-WA0008.jpg&#8221; title_text=&#8221;IMG-20170406-WA0008&#8243; disabled_on=&#8221;off|off|on&#8221; _builder_version=&#8221;4.16&#8243; animation_style=&#8221;fade&#8221; animation_direction=&#8221;bottom&#8221; animation_duration=&#8221;1400ms&#8221; global_colors_info=&#8221;{}&#8221;][\/et_pb_image][et_pb_text _builder_version=&#8221;4.16&#8243; header_6_letter_spacing=&#8221;1px&#8221; header_6_line_height=&#8221;1.2em&#8221; animation_style=&#8221;fade&#8221; animation_duration=&#8221;1400ms&#8221; text_font_size_tablet=&#8221;16px&#8221; text_font_size_phone=&#8221;16px&#8221; text_font_size_last_edited=&#8221;on|phone&#8221; header_font_size_tablet=&#8221;&#8221; header_font_size_phone=&#8221;30px&#8221; header_font_size_last_edited=&#8221;on|phone&#8221; header_6_font_size_tablet=&#8221;14px&#8221; header_6_font_size_phone=&#8221;14px&#8221; header_6_font_size_last_edited=&#8221;on|tablet&#8221; global_colors_info=&#8221;{}&#8221;]<\/p>\n<ul>\n<li><em>Come\u00e7ou a Respirar <strong>| 1992<\/strong><\/em><\/li>\n<li><em>Come\u00e7ou a Treinar <strong>| 2000<\/strong><\/em><\/li>\n<li><em>Come\u00e7ou no Parkour <strong> | 2005<\/strong><\/em><\/li>\n<li><em>Come\u00e7ou a dar Aulas <strong>| 2011<\/strong><\/em><\/li>\n<\/ul>\n<h6 style=\"text-align: left;\"><strong><\/strong><\/h6>\n<p style=\"text-align: left;\"><strong>Para que voc\u00ea vive? <\/strong><\/p>\n<p>Eu vivo para tirar o melhor proveito das minhas experi\u00eancias.<\/p>\n<p style=\"text-align: left;\"><strong>Sua forma favorita de explorar?<\/strong><\/p>\n<p>Picos que eu nunca fui antes, no meio urbano e na natureza, com minha esposa e os meus amigos.<\/p>\n<ul>\n<li style=\"list-style-type: none;\">\n<\/li>\n<\/ul>\n<p>[\/et_pb_text][\/et_pb_column][et_pb_column type=&#8221;1_2&#8243; _builder_version=&#8221;4.16&#8243; global_colors_info=&#8221;{}&#8221;][et_pb_image src=&#8221;https:\/\/www.exploreparkour.com\/wp-content\/uploads\/2020\/12\/IMG-20170406-WA0008.jpg&#8221; title_text=&#8221;IMG-20170406-WA0008&#8243; disabled_on=&#8221;on|on|off&#8221; _builder_version=&#8221;4.16&#8243; animation_style=&#8221;fade&#8221; animation_direction=&#8221;bottom&#8221; animation_duration=&#8221;1400ms&#8221; global_colors_info=&#8221;{}&#8221;][\/et_pb_image][et_pb_social_media_follow _builder_version=&#8221;4.16&#8243; text_orientation=&#8221;right&#8221; animation_style=&#8221;fade&#8221; animation_duration=&#8221;1400ms&#8221; global_colors_info=&#8221;{}&#8221;][et_pb_social_media_follow_network social_network=&#8221;instagram&#8221; url=&#8221;https:\/\/www.instagram.com\/pedrobessapk\/&#8221; _builder_version=&#8221;4.16&#8243; background_color=&#8221;#ea2c59&#8243; global_colors_info=&#8221;{}&#8221; follow_button=&#8221;off&#8221; url_new_window=&#8221;on&#8221;]instagram[\/et_pb_social_media_follow_network][et_pb_social_media_follow_network social_network=&#8221;facebook&#8221; url=&#8221;https:\/\/www.facebook.com\/pedro.felipebessa&#8221; _builder_version=&#8221;4.16&#8243; background_color=&#8221;#3b5998&#8243; global_colors_info=&#8221;{}&#8221; follow_button=&#8221;off&#8221; url_new_window=&#8221;on&#8221;]facebook[\/et_pb_social_media_follow_network][\/et_pb_social_media_follow][\/et_pb_column][\/et_pb_row][et_pb_row _builder_version=&#8221;4.16&#8243; global_colors_info=&#8221;{}&#8221;][et_pb_column type=&#8221;4_4&#8243; _builder_version=&#8221;4.16&#8243; global_colors_info=&#8221;{}&#8221;][et_pb_toggle title=&#8221;Mais sobre Pedro Bessa&#8221; _builder_version=&#8221;4.22.2&#8243; hover_enabled=&#8221;0&#8243; global_colors_info=&#8221;{}&#8221; sticky_enabled=&#8221;0&#8243;]<\/p>\n<h4 style=\"text-align: center;\"><strong>Ol\u00e1 a todos!<\/strong><\/h4>\n<h4 style=\"text-align: center;\"><strong>Aqui est\u00e1 um breve resumo da minha carreira profissional no Parkour<\/strong><\/h4>\n<p>&nbsp;<\/p>\n<ul>\n<li><span style=\"font-weight: 400;\"><strong>Pkmax Parkour \u2013 2007 \u00e0 2010: <\/strong><\/span>Eu trabalhei com a Pkmax Parkour fazendo workshops, criando conte\u00fado, ajudando a organizar eventos, encontros e apresenta\u00e7\u00f5es. Eu tamb\u00e9m fui assistente de aulas ao ar livre duas vezes por semana naquele \u00faltimo ano \u2013 Brasil, Belo Horizonte. <strong>Destaques: <\/strong>Performances para o lan\u00e7amento Fiat \u201cNova Strada Adventure\u201d utilizando carros como parte dos obst\u00e1culos, \u201cEvento Fiat Empresa\u201d, oficinas \u201cJuventude Contra a Fuma\u00e7a\u201d, \u201cEvento Mega Fest \u2013 Santa Luzia\u201d e participa\u00e7\u00e3o no programa de televis\u00e3o \u201cRede TV \u2013 Programa + a\u00e7\u00e3o\u201d. <\/li>\n<li><span style=\"font-weight: 400;\"><strong><span style=\"font-weight: 400;\">Parkour Generations \u2013 2011 \u00e0 2016:<\/span><\/strong><\/span> Eu ensinei, participei workshops, criei conte\u00fado, ajudei na organiza\u00e7\u00e3o de eventos e realizei performances com a Parkour Generations Brasil, conduzindo e auxiliando aulas internas e externas \u2013 Brasil, Belo Horizonte. <strong>Destaques:<\/strong> Encontros Estaduais e Nacionais uma vez por ano \u2013 \u201cEncontro Mineiro de Parkour\u201d, \u201cEvento Rendezsvous Brasil\u201d com convidados internacionais, \u201cQualifica\u00e7\u00e3o Parkour A.D.A.P.T. 1 e 2\u201d e viagens internacionais \u2013 Fran\u00e7a, Inglaterra e outros.<\/li>\n<li><strong>Parkour DXB \u2013 2017 \u00e0 2019:<\/strong> Eu trabalhei com a Parkour DXB em Dubai, EAU. Al\u00e9m de muitas aulas, eu tamb\u00e9m ministrei workshops, festas e apresenta\u00e7\u00f5es. Minhas tarefas administrativas inclu\u00edram planejamento de aulas semanais, mensais e trimestrais para o time, acampamentos e programas de aulas particulares, organiza\u00e7\u00e3o e manuten\u00e7\u00e3o dos equipamentos e das academias, e por fim a cria\u00e7\u00e3o de novos obst\u00e1culos com conhecimentos de engenharia civil. <strong>Destaques: <\/strong>Performances para a marca de moda internacional \u201cKenzo \u2013 Jungle Party\u201d, \u201cDHL International Delivery Company\u201d usando seus caminh\u00f5es como parte dos obst\u00e1culos e divulga\u00e7\u00e3o do Shopping localizado na Jumeirah Palm, \u201cThe Pointe \u2013 Mall\u201d. \u201cFlow Workshop\u201d no Egito \u2013 2019 e 3\u00ba lugar nas categorias de Speed e Skills na \u201cCompeti\u00e7\u00e3o Nacional Brasileira \u2013 Desafio Voltz\u201d.   <\/li>\n<li><strong>Explore Parkour \u2013 2020 \u00e0 2022:<\/strong> Recentemente estive trabalhando com Jereme Sanders na Explore Parkour. A empresa possui uma plataforma interativa que nos permite compartilhar conte\u00fado de maneira efici\u00eante com o mundo todo. Al\u00e9m disso, tamb\u00e9m fornecemos aulas e recursos de assist\u00eancia t\u00e9cnica para orientar e ajudar aqueles que desejam aumentar seus conhecimentos e ferramentas no parkour \u2013 praticantes e treinadores\/academias. <strong>Destaques:<\/strong> Lan\u00e7amento nacional da Explore Parkour, cria\u00e7\u00e3o de conte\u00fado, administra\u00e7\u00e3o, aulas particulares e viagem \u00e0 trabalho em Dubai de 2021 \u00e0 2022 com um contrato de 6 meses e aulas e coordena\u00e7\u00e3o de professores pela Parkour DXB.  <\/li>\n<li><strong>Academia Explore Parkour &#8211; 2023: <\/strong>Fundei a primeira Academia Explore Parkour, no Brasil, em Nova Lima. Treinamos crian\u00e7as, adolescentes e adultos com foco no desenvolvimento n\u00e3o apenas de suas habilidades de movimento, mas tamb\u00e9m de sua autoconsci\u00eancia. Eles aprendem a lidar com o medo, os desafios, as progress\u00f5es, a comunidade e muito mais. <strong>Destaques:<\/strong> Constru\u00e7\u00e3o do gin\u00e1sio da Explore Parkour Academy, CEO da Explore Parkour Academy, metodologia de aulas, cria\u00e7\u00e3o da s\u00e9rie &#8220;Apostila Explore Parkour&#8221;, aulas, eventos como encontros e competi\u00e7\u00f5es, administra\u00e7\u00e3o financeira, de coaching e de frontdesk.\n<\/li>\n<\/ul>\n<h4 style=\"text-align: center;\">Como isso tudo foi poss\u00edvel? Conhe\u00e7a um pouco mais da minha hist\u00f3ria\u2026 <\/h4>\n<p>&nbsp;<\/p>\n<p><span style=\"font-weight: 400;\">Eu nasci em uma cidade aconchegante chamada Belo Horizonte, famosa por suas belezas naturais \u2013 serras, rios, trilhas e cachoeiras. Sempre gostei muito de esportes. Por volta dos cinco anos de idade, minha atividade preferida j\u00e1 era o mountain bike. N\u00e3o demorou muito para que, com o apoio dos meus pais eu passasse para o motocross. Aos oito anos de idade eu come\u00e7ei competir e treinar em n\u00edvel nacional. Quando eu n\u00e3o estava treinando, eu adorava ir para a trilha com minha bike ou correr, pular e me mover em diferentes ambientes. A mentalidade do Parkour sempre esteve presente em minha vida, quer eu estivesse escalando \u00e1rvores ou explorando rochas, tentando descobrir o que e como eu poderia fazer certas coisas e superar desafios para chegar onde eu queria.      <\/span><\/p>\n<p><span style=\"font-weight: 400;\">Quando eu tinha cerca de 13 anos, ouvi falar do parkour pela primeira vez. Haviam alguns v\u00eddeos na internet, mas o famoso v\u00eddeo \u201cSpeed Air Man\u201d por David Belle, era com certeza a maior inspira\u00e7\u00e3o para mim. Naqueles dias existiam apenas f\u00f3rums com fotos v\u00eddeos em p\u00e9ssima qualidade, com coment\u00e1rios de todo o mundo tentando entender como realizar t\u00e9cnicas espec\u00edficas \u2013 Vaults 101. Eu treinei por dois anos com amigos da escola e do bairro, na maioria das vezes descobrindo t\u00e9cnicas e desafios por n\u00f3s mesmos.   <\/span> Acredito que esta foi uma experi\u00eancia aben\u00e7oada para meu desenvolvimento conceitual \u2013 conscientiza\u00e7\u00e3o, resolu\u00e7\u00e3o de problemas, utilidade \u2013 e crescimento ao longo dos anos.<\/p>\n<p>Depois de me juntar a alguns locais da cidade para treinar, Bruno Peixoto me deu a oportunidade de juntar a sua equipe \u2013 Pkmax Parkour \u2013 quando eu tinha 15 anos de idade. A equipe era \u00f3tima. Eles eram muito respeitosos com suas habilidades e corpo, pois todos se baseavam nos mesmos ensinamentos que os Yamakasi pregavam \u2013 corpo forte, mente forte. Eu me lembro em 2008 quando Thomas Des Bois, um dos praticantes da velha escola da Fran\u00e7a, se juntou a n\u00f3s no Brasil e compartilhou conosco muitos conceitos e m\u00e9todos de treinamento respons\u00e1veis pelo aprimoramento de minhas habilidades f\u00edsicas e t\u00e9cnicas. Depois disso, tivemos Williams Belle, Kazuma, Stephane Vigroux, Chau Belle, Laurent Piemontesi, Dan Edwards, Chris Rowat e Julie Angel. Foi fundamental construir uma mentalidade forte e de respeito com as melhores informa\u00e7\u00f5es da \u00e9poca para a comunidade parkour brasileira que soube valoriz\u00e1-los. Fizemos muitos encontros, workshops, apresenta\u00e7\u00f5es, reportagens de TV e em revistas divulgando o Parkour.     <\/p>\n<p>Com o nosso crescimento e da disciplina, fizemos cursos ADAPT com a Parkour Generations e, ap\u00f3s alguns anos de trabalho conjunto, a Pkmax Parkour tornou-se a Parkour Generations Brasil. Come\u00e7amos a dar aulas por volta de 2011 e depois de terminar o ensino m\u00e9dio, meu objetivo era viajar por a\u00ed para compartilhar e aprender mais sobre o parkour. Minha rotina de treinamento come\u00e7ou a ser preenchida com treinamentos f\u00edsicos, apoio t\u00e9cnico de gin\u00e1stica, circo, artes marciais e outras atividades complementares. Fui para a Inglaterra, Fran\u00e7a, Alemanha, Holanda, It\u00e1lia, Argentina e alguns outros lugares, aprendendo, treinando e compartilhando cada vez mais. Em 2014 eu tive a oportunidade de fazer o curso ADAPT 2, o que aumentou mais ainda meus conhecimentos de treino e ensino. Nesta \u00e9poca, enquanto dava aulas em Belo Horizonte, tamb\u00e9m me engressei no treinamento de Crossfit para aprimorar meu desenvolvimento f\u00edsico, estudei e me formei em Engenharia Civil, trabalhando por cinco anos na Thor Construtora com solu\u00e7\u00f5es e projetos ambientais.     <\/p>\n<p>Depois disso \u2013 e muito mais, em 2017 eu decidi que deveria ter uma experi\u00eancia mais intensa com o Parkour fora do pa\u00eds para aprender e compartilhar ainda mais. Foi quando, atrav\u00e9s de um amigo, eu ouvi falar que a empresa Parkour DXB, situada em Dubai, nos Emirados \u00c1rabes Unidos, dirigida por Stephane Vigroux e Chris Sotiriu, estava \u00e0 procura de novos professores para fazer parte de sua equipe. Fizemos uma entrevista via Skype \u2013 Steph e eu ja nos conheciamos \u2013 e depois de uma semana eu estava em Dubai atuando e trabalhando com alguns dos praticantes e treinadores mais s\u00e1bios que j\u00e1 conheci, sendo um deles Jereme Sanders.  <\/p>\n<p>Eu aprendi mais do que pensei que seria poss\u00edvel sobre o corpo, met\u00f3dos de ensinamentos, treinos, conceitos e administra\u00e7\u00e3o no ramo. Eu tamb\u00e9m tive mais exposi\u00e7\u00e3o \u00e0s artes marciais, habilidades de dan\u00e7a e cultura do movimento. Assim, treinei mais de 200 estudantes de todas as partes do mundo e de diferentes idades, planejei aulas, curr\u00edculos, me apresentei em diferentes ambientes com diferentes temas, e por fim, visitei a Turquia e o Egito, onde fiz o meu primeiro Flow Workshop. Foi uma \u00f3tima experi\u00eancia e oportunidade, \u00e9 claro, de compartilhar e aprender com todos eles. Durante dois anos foi uma grande e intensa aventura.    <\/p>\n<p>Resumindo, voltei ao Brasil com o sonho de ter minha pr\u00f3pria academia e, depois de muito trabalho, consegui abrir a Academia Explore Parkour \u201c@exploreparkourbr\u201d em minha cidade e continuar vivendo minha vida fazendo o que amo. Para acompanhar o que est\u00e1 acontecendo, voc\u00ea pode me ver em @pedrobessapk no IG! <\/p>\n<p>&nbsp;<\/p>\n<p>Um agradecimento especial a todos voc\u00eas que me apoiaram de alguma forma ao longo destes anos. Fam\u00edlia, amigos e comunidade! <\/p>\n<p>[\/et_pb_toggle][\/et_pb_column][\/et_pb_row][et_pb_row _builder_version=&#8221;4.16&#8243; global_colors_info=&#8221;{}&#8221;][et_pb_column type=&#8221;4_4&#8243; _builder_version=&#8221;4.16&#8243; global_colors_info=&#8221;{}&#8221;][et_pb_video src=&#8221;https:\/\/www.youtube.com\/watch?v=5nabQHtYRDA&#8221; src_last_edited=&#8221;off|desktop&#8221; _builder_version=&#8221;4.16&#8243; animation_style=&#8221;fade&#8221; animation_duration=&#8221;1400ms&#8221; global_colors_info=&#8221;{}&#8221; src__hover_enabled=&#8221;off|desktop&#8221;][\/et_pb_video][\/et_pb_column][\/et_pb_row][\/et_pb_section]<\/p>\n","protected":false},"excerpt":{"rendered":"<p>Pedro Bessa Criador de Conte\u00fadoTradutor Portugu\u00eas BRDono e Fundador da Academia Explore Parkour BR Come\u00e7ou a Respirar | 1992 Come\u00e7ou a Treinar | 2000 Come\u00e7ou no Parkour | 2005 Come\u00e7ou a dar Aulas | 2011 Para que voc\u00ea vive? Eu vivo para tirar o melhor proveito das minhas experi\u00eancias. Sua forma favorita de explorar? Picos [&hellip;]<\/p>\n","protected":false},"author":5,"featured_media":0,"parent":0,"menu_order":0,"comment_status":"closed","ping_status":"closed","template":"","meta":{"_et_pb_use_builder":"on","_et_pb_old_content":"","_et_gb_content_width":"","_uf_show_specific_survey":0,"_uf_disable_surveys":false,"footnotes":""},"class_list":["post-17774","page","type-page","status-publish","hentry"],"_links":{"self":[{"href":"https:\/\/www.exploreparkour.com\/pt-br\/wp-json\/wp\/v2\/pages\/17774","targetHints":{"allow":["GET"]}}],"collection":[{"href":"https:\/\/www.exploreparkour.com\/pt-br\/wp-json\/wp\/v2\/pages"}],"about":[{"href":"https:\/\/www.exploreparkour.com\/pt-br\/wp-json\/wp\/v2\/types\/page"}],"author":[{"embeddable":true,"href":"https:\/\/www.exploreparkour.com\/pt-br\/wp-json\/wp\/v2\/users\/5"}],"replies":[{"embeddable":true,"href":"https:\/\/www.exploreparkour.com\/pt-br\/wp-json\/wp\/v2\/comments?post=17774"}],"version-history":[{"count":5,"href":"https:\/\/www.exploreparkour.com\/pt-br\/wp-json\/wp\/v2\/pages\/17774\/revisions"}],"predecessor-version":[{"id":30627,"href":"https:\/\/www.exploreparkour.com\/pt-br\/wp-json\/wp\/v2\/pages\/17774\/revisions\/30627"}],"wp:attachment":[{"href":"https:\/\/www.exploreparkour.com\/pt-br\/wp-json\/wp\/v2\/media?parent=17774"}],"curies":[{"name":"wp","href":"https:\/\/api.w.org\/{rel}","templated":true}]}}