{"id":17857,"date":"2020-12-15T18:25:31","date_gmt":"2020-12-15T18:25:31","guid":{"rendered":"https:\/\/www.exploreparkour.com\/politica-de-privacidade\/"},"modified":"2020-12-15T18:25:37","modified_gmt":"2020-12-15T18:25:37","slug":"politica-de-privacidade","status":"publish","type":"page","link":"https:\/\/www.exploreparkour.com\/pt-br\/politica-de-privacidade\/","title":{"rendered":"Pol\u00edtica de Privacidade"},"content":{"rendered":"<p>[et_pb_section fb_built=&#8221;1&#8243; _builder_version=&#8221;4.4.6&#8243;][et_pb_row _builder_version=&#8221;4.4.6&#8243;][et_pb_column type=&#8221;4_4&#8243; _builder_version=&#8221;4.4.6&#8243;][et_pb_text _builder_version=&#8221;4.4.6&#8243;]<\/p>\n<h1>Nossa Pol\u00edtica de Privacidade<\/h1>\n<p><span style=\"font-weight: 400;\">Esta Declara\u00e7\u00e3o de Privacidade se aplica a<\/span> <a href=\"http:\/\/www.exploreparkour.com\"><span style=\"font-weight: 400;\">www.exploreparkour.com<\/span><\/a><span style=\"font-weight: 400;\"> e ParkourSA e rege a coleta e o uso de dados. Para os fins desta Pol\u00edtica de Privacidade, a menos que de outra forma indicado, todas as refer\u00eancias \u00e0 Explore Parkour incluem  <\/span><a href=\"http:\/\/www.exploreparkour.com\"><span style=\"font-weight: 400;\">www.exploreparkour.com<\/span><\/a><span style=\"font-weight: 400;\">ParkourSA, XP e Explore Parkour. O site Explore Parkour \u00e9 um site de educa\u00e7\u00e3o online baseado na associa\u00e7\u00e3o. Ao utilizar o site Explore Parkour, voc\u00ea consente com as pr\u00e1ticas de dados descritas nesta declara\u00e7\u00e3o.  <\/span><\/p>\n<p><b>Coleta de suas Informa\u00e7\u00f5es Pessoais<\/b><\/p>\n<p><span style=\"font-weight: 400;\">A fim de melhor lhe fornecer produtos e servi\u00e7os oferecidos em nosso Site, a XP pode coletar informa\u00e7\u00f5es pessoalmente identific\u00e1veis, tais como a sua:<\/span><\/p>\n<ul>\n<li style=\"font-weight: 400;\"><span style=\"font-weight: 400;\">Nome e Sobrenome<\/span><\/li>\n<li style=\"font-weight: 400;\"><span style=\"font-weight: 400;\">Endere\u00e7o de Email<\/span><\/li>\n<li style=\"font-weight: 400;\"><span style=\"font-weight: 400;\">Endere\u00e7o de Email<\/span><\/li>\n<\/ul>\n<p><span style=\"font-weight: 400;\">Se voc\u00ea compra produtos e servi\u00e7os da XP, coletamos informa\u00e7\u00f5es de faturamento e cart\u00e3o de cr\u00e9dito. Estas informa\u00e7\u00f5es s\u00e3o utilizadas para completar a transa\u00e7\u00e3o de compra.  <\/span><\/p>\n<p><span style=\"font-weight: 400;\">XP tamb\u00e9m pode coletar informa\u00e7\u00f5es demogr\u00e1ficas an\u00f4nimas, que n\u00e3o s\u00e3o exclusivas para voc\u00ea, como por exemplo, a sua:<\/span><\/p>\n<ul>\n<li style=\"font-weight: 400;\"><span style=\"font-weight: 400;\">Idade<\/span><\/li>\n<li style=\"font-weight: 400;\"><span style=\"font-weight: 400;\">Idioma Predominante<\/span><\/li>\n<\/ul>\n<p><span style=\"font-weight: 400;\">Tenha em mente que se voc\u00ea divulgar informa\u00e7\u00f5es pessoalmente identific\u00e1veis ou dados pessoais sens\u00edveis atrav\u00e9s da se\u00e7\u00e3o de coment\u00e1rios p\u00fablicos da XP, pesquisas de opini\u00e3o ou \u00e1reas de recursos de fontes de informa\u00e7\u00e3o de multid\u00f5es, estas informa\u00e7\u00f5es podem ser coletadas e usadas por outros.<\/span><\/p>\n<p><span style=\"font-weight: 400;\">N\u00e3o coletamos nenhuma informa\u00e7\u00e3o pessoal sobre voc\u00ea, a menos que voc\u00ea nos forne\u00e7a voluntariamente. Entretanto, voc\u00ea poder\u00e1 ser solicitado a nos fornecer certas informa\u00e7\u00f5es pessoais quando optar por utilizar certos produtos ou servi\u00e7os dispon\u00edveis no Site. Estes podem incluir:  <\/span><\/p>\n<ul>\n<li style=\"font-weight: 400;\"><span style=\"font-weight: 400;\">Registrando uma conta no Site<\/span><\/li>\n<li style=\"font-weight: 400;\"><span style=\"font-weight: 400;\">Participar de um sorteio ou concurso patrocinado por n\u00f3s ou por um de nossos parceiros<\/span><\/li>\n<li style=\"font-weight: 400;\"><span style=\"font-weight: 400;\">Nos enviando uma mensagem via Email<\/span><\/li>\n<li style=\"font-weight: 400;\"><span style=\"font-weight: 400;\">Submeter seu cart\u00e3o de cr\u00e9dito ou outras informa\u00e7\u00f5es de pagamento ao encomendar e\/ou comprar produtos e servi\u00e7os em nosso Site.<\/span><\/li>\n<\/ul>\n<p><span style=\"font-weight: 400;\">Utilizaremos suas informa\u00e7\u00f5es para, mas n\u00e3o limitado a, comunicar com voc\u00ea em rela\u00e7\u00e3o a servi\u00e7os e\/ou produtos que voc\u00ea nos solicitou. Tamb\u00e9m poderemos coletar informa\u00e7\u00f5es pessoais ou n\u00e3o pessoais adicionais no futuro. <\/span><\/p>\n<p><b>Uso da sua Informa\u00e7\u00e3o Pessoal<\/b><\/p>\n<p><span style=\"font-weight: 400;\">Explore Parkour coleta e utiliza suas informa\u00e7\u00f5es pessoais para operar seu(s) website(s) e prestar os servi\u00e7os que voc\u00ea solicitou. XP tamb\u00e9m pode usar suas informa\u00e7\u00f5es pessoais para inform\u00e1-lo sobre outros produtos ou servi\u00e7os dispon\u00edveis na XP e suas afiliadas.  <\/span><\/p>\n<p><b>Compartilhamento de Informa\u00e7\u00f5es com Terceiros<\/b><\/p>\n<p><span style=\"font-weight: 400;\">Explore Parkour n\u00e3o vende, aluga ou arrenda suas listas de clientes a terceiros.<\/span><\/p>\n<p><span style=\"font-weight: 400;\">XP pode compartilhar dados com parceiros de confian\u00e7a para ajudar a realizar an\u00e1lises estat\u00edsticas, enviar-lhe e-mail ou correio postal, fornecer suporte ao cliente ou providenciar entregas. Todos esses terceiros est\u00e3o proibidos de usar suas informa\u00e7\u00f5es pessoais, exceto para fornecer esses servi\u00e7os \u00e0 XP, e eles s\u00e3o obrigados a manter a confidencialidade de suas informa\u00e7\u00f5es. <\/span><\/p>\n<p><b>Coleta de Informa\u00e7\u00e3o Autom\u00e1tica<\/b><\/p>\n<p><span style=\"font-weight: 400;\">As informa\u00e7\u00f5es sobre hardware e software de seu computador podem ser coletadas automaticamente pelo XP. Essas informa\u00e7\u00f5es podem incluir: seu endere\u00e7o IP, tipo de navegador, nomes de dom\u00ednio, hor\u00e1rios de acesso e endere\u00e7os de sites de refer\u00eancia. Estas informa\u00e7\u00f5es s\u00e3o usadas para a opera\u00e7\u00e3o do servi\u00e7o para manter a qualidade do servi\u00e7o, e para fornecer estat\u00edsticas gerais sobre o uso do website Explore Parkour.  <\/span><\/p>\n<p><b>Uso de Cookies<\/b><\/p>\n<p><span style=\"font-weight: 400;\">O site XP pode usar &#8220;cookies&#8221; para ajud\u00e1-lo a personalizar sua experi\u00eancia on-line. Um cookie \u00e9 um arquivo de texto que \u00e9 colocado em seu disco r\u00edgido por um servidor de p\u00e1gina web. Os cookies n\u00e3o podem ser usados para executar programas ou entregar v\u00edrus em seu computador. Os cookies s\u00e3o atribu\u00eddos exclusivamente a voc\u00ea, e s\u00f3 podem ser lidos por um servidor web no dom\u00ednio que emitiu o cookie para voc\u00ea.   <\/span><\/p>\n<p><span style=\"font-weight: 400;\">Um dos principais prop\u00f3sitos dos cookies \u00e9 fornecer um recurso de conveni\u00eancia para economizar seu tempo. A finalidade de um cookie \u00e9 informar ao servidor web que voc\u00ea retornou a uma p\u00e1gina espec\u00edfica. Por exemplo, se voc\u00ea personaliza as p\u00e1ginas do Explore Parkour ou se registra no site ou nos servi\u00e7os do Explore Parkour, um cookie ajuda o Explore Parkour a se lembrar de suas informa\u00e7\u00f5es espec\u00edficas nas visitas subseq\u00fcentes. Isto simplifica o processo de registro de suas informa\u00e7\u00f5es pessoais, tais como endere\u00e7os de cobran\u00e7a, endere\u00e7os de envio, e assim por diante. Quando voc\u00ea retornar ao mesmo site Explore Parkour, as informa\u00e7\u00f5es que voc\u00ea forneceu anteriormente poder\u00e3o ser recuperadas, para que voc\u00ea possa usar facilmente as funcionalidades XP que voc\u00ea personalizou.    <\/span><\/p>\n<p><span style=\"font-weight: 400;\">Voc\u00ea tem a capacidade de aceitar ou recusar cookies. A maioria dos navegadores aceita cookies automaticamente, mas voc\u00ea geralmente pode modificar a configura\u00e7\u00e3o de seu navegador para recusar cookies, se preferir. Se voc\u00ea optar por recusar cookies, talvez n\u00e3o consiga experimentar plenamente as caracter\u00edsticas interativas dos servi\u00e7os XP ou websites que voc\u00ea visita.  <\/span><\/p>\n<p><b>Links<\/b><\/p>\n<p><span style=\"font-weight: 400;\">Este site cont\u00e9m links para outros sites. Por favor, esteja ciente de que n\u00e3o somos respons\u00e1veis pelo conte\u00fado ou pr\u00e1ticas de privacidade desses outros sites. Incentivamos nossos usu\u00e1rios a estarem cientes quando deixarem nosso site e a lerem as declara\u00e7\u00f5es de privacidade de qualquer outro site que colete informa\u00e7\u00f5es pessoalmente identific\u00e1veis.  <\/span><\/p>\n<p><b>Seguran\u00e7a da sua Informa\u00e7\u00e3o Pessoal<\/b><\/p>\n<p><span style=\"font-weight: 400;\">Explore Parkour protege suas informa\u00e7\u00f5es pessoais contra acesso, uso ou divulga\u00e7\u00e3o n\u00e3o autorizados. Explore Parkour utiliza os m\u00e9todos do Protocolo SSL para este fim. <\/span><\/p>\n<p><span style=\"font-weight: 400;\">Quando informa\u00e7\u00f5es pessoais (como o n\u00famero de um cart\u00e3o de cr\u00e9dito) s\u00e3o transmitidas a outros websites, elas s\u00e3o protegidas atrav\u00e9s do uso de criptografia, como o protocolo Secure Sockets Layer (SSL).<\/span><\/p>\n<p><span style=\"font-weight: 400;\">N\u00f3s nos esfor\u00e7amos para tomar medidas de seguran\u00e7a apropriadas para proteger contra o acesso n\u00e3o autorizado \u00e0 altera\u00e7\u00e3o de suas informa\u00e7\u00f5es pessoais. Infelizmente, nenhuma transmiss\u00e3o de dados pela Internet ou qualquer rede sem fio pode ser garantida como 100% segura. Como resultado, embora nos esforcemos para proteger suas informa\u00e7\u00f5es pessoais, voc\u00ea reconhece isso:  <\/span><\/p>\n<ul>\n<li style=\"font-weight: 400;\"><span style=\"font-weight: 400;\">H\u00e1 limita\u00e7\u00f5es de seguran\u00e7a e privacidade inerentes \u00e0 Internet que est\u00e3o fora de nosso controle e que est\u00e3o al\u00e9m de nosso controle;<\/span><\/li>\n<li style=\"font-weight: 400;\"><span style=\"font-weight: 400;\">A seguran\u00e7a, integridade e privacidade de toda e qualquer informa\u00e7\u00e3o e dados trocados entre voc\u00ea e n\u00f3s atrav\u00e9s deste site n\u00e3o podem ser garantidos.<\/span><\/li>\n<\/ul>\n<p><b>Direito \u00e0 elimina\u00e7\u00e3o<\/b><\/p>\n<p><span style=\"font-weight: 400;\">Sujeito a certas exce\u00e7\u00f5es estabelecidas abaixo, ao recebermos um pedido verific\u00e1vel de sua parte, n\u00f3s o faremos:<\/span><\/p>\n<ul>\n<li style=\"font-weight: 400;\"><span style=\"font-weight: 400;\">Eliminar suas informa\u00e7\u00f5es pessoais de nossos registros; e<\/span><\/li>\n<li style=\"font-weight: 400;\"><span style=\"font-weight: 400;\">Direcione qualquer prestador de servi\u00e7os para apagar suas informa\u00e7\u00f5es pessoais de seus registros.<\/span><\/li>\n<\/ul>\n<p><span style=\"font-weight: 400;\">Observe que talvez n\u00e3o possamos atender aos pedidos de exclus\u00e3o de suas informa\u00e7\u00f5es pessoais, se for necess\u00e1rio:<\/span><\/p>\n<ul>\n<li style=\"font-weight: 400;\"><span style=\"font-weight: 400;\">Completar a transa\u00e7\u00e3o para a qual as informa\u00e7\u00f5es pessoais foram coletadas, cumprir os termos de uma garantia escrita ou recall de produto conduzido de acordo com a lei federal, fornecer um bem ou servi\u00e7o solicitado por voc\u00ea ou razoavelmente previsto dentro do contexto de nosso relacionamento comercial cont\u00ednuo com voc\u00ea, ou de outra forma executar um contrato entre voc\u00ea e n\u00f3s;<\/span><\/li>\n<li style=\"font-weight: 400;\"><span style=\"font-weight: 400;\">Detectar incidentes de seguran\u00e7a, proteger contra atividades maliciosas, enganosas, fraudulentas ou ilegais; ou processar os respons\u00e1veis por essa atividade;<\/span><\/li>\n<li style=\"font-weight: 400;\"><span style=\"font-weight: 400;\">Depurar para identificar e reparar erros que prejudiquem a funcionalidade existente e pretendida;<\/span><\/li>\n<li style=\"font-weight: 400;\"><span style=\"font-weight: 400;\">Exercer a liberdade de express\u00e3o, garantir o direito de outro consumidor de exercer seu direito de livre express\u00e3o, ou exercer outro direito previsto por lei;<\/span><\/li>\n<li style=\"font-weight: 400;\"><span style=\"font-weight: 400;\">Cumprir com a Lei de Privacidade das Comunica\u00e7\u00f5es Eletr\u00f4nicas da Calif\u00f3rnia;<\/span><\/li>\n<li style=\"font-weight: 400;\"><span style=\"font-weight: 400;\">Envolver-se em pesquisas cient\u00edficas, hist\u00f3ricas ou estat\u00edsticas de interesse p\u00fablico, p\u00fablicas ou revisadas por pares, que atendam a todas as outras leis \u00e9ticas e de privacidade aplic\u00e1veis, quando nossa elimina\u00e7\u00e3o das informa\u00e7\u00f5es for suscept\u00edvel de tornar imposs\u00edvel ou prejudicar seriamente a realiza\u00e7\u00e3o de tais pesquisas, desde que tenhamos obtido seu consentimento informado;<\/span><\/li>\n<li style=\"font-weight: 400;\"><span style=\"font-weight: 400;\">Permita somente usos internos que estejam razoavelmente alinhados com suas expectativas com base em seu relacionamento conosco;<\/span><\/li>\n<li style=\"font-weight: 400;\"><span style=\"font-weight: 400;\">Cumprir a obriga\u00e7\u00e3o legal existente; ou<\/span><\/li>\n<li style=\"font-weight: 400;\"><span style=\"font-weight: 400;\">Caso contr\u00e1rio, utilize suas informa\u00e7\u00f5es pessoais, internamente, de maneira compat\u00edvel com o contexto em que voc\u00ea forneceu as informa\u00e7\u00f5es.<\/span><\/li>\n<\/ul>\n<p><b>Menores de Treze Anos<\/b><\/p>\n<p><span style=\"font-weight: 400;\">Explore Parkour n\u00e3o coleta intencionalmente informa\u00e7\u00f5es pessoalmente identific\u00e1veis de crian\u00e7as menores de treze anos. Se voc\u00ea tem menos de treze anos de idade, voc\u00ea deve pedir permiss\u00e3o a seus pais ou respons\u00e1veis para usar este website. <\/span><\/p>\n<p><b>Comunica\u00e7\u00e3o via Email<\/b><\/p>\n<p><span style=\"font-weight: 400;\">De tempos em tempos, a Explore parkour poder\u00e1 contat\u00e1-lo via e-mail com o prop\u00f3sito de fornecer an\u00fancios, ofertas promocionais, alertas, confirma\u00e7\u00f5es, pesquisas e\/ou outras comunica\u00e7\u00f5es gerais. A fim de melhorar nossos servi\u00e7os, poderemos receber uma notifica\u00e7\u00e3o quando voc\u00ea abrir um e-mail da XP ou clicar em um link. <\/span><\/p>\n<p><span style=\"font-weight: 400;\">Se voc\u00ea gostaria de parar de receber comunica\u00e7\u00f5es de marketing ou promocionais via e-mail da XP, voc\u00ea pode optar por n\u00e3o receber tais comunica\u00e7\u00f5es clicando no bot\u00e3o cancelar a inscri\u00e7\u00e3o.<\/span><\/p>\n<p><b>Altera\u00e7\u00f5es \u00e0 esta Declara\u00e7\u00e3o<\/b><\/p>\n<p><span style=\"font-weight: 400;\">A Explore Parkour reserva-se o direito de alterar esta Pol\u00edtica de Privacidade de tempos em tempos. N\u00f3s o notificaremos sobre mudan\u00e7as significativas na maneira como tratamos as informa\u00e7\u00f5es pessoais enviando um aviso para o endere\u00e7o de e-mail principal especificado em sua conta, colocando um aviso em destaque em nosso site, e\/ou atualizando qualquer informa\u00e7\u00e3o de privacidade nesta p\u00e1gina. Seu uso continuado do Site e\/ou dos Servi\u00e7os dispon\u00edveis atrav\u00e9s deste Site ap\u00f3s tais modifica\u00e7\u00f5es constituir\u00e1 seu direito:  <\/span><\/p>\n<ul>\n<li style=\"font-weight: 400;\"><span style=\"font-weight: 400;\">Reconhecimento da Pol\u00edtica de Privacidade modificada; e<\/span><\/li>\n<li style=\"font-weight: 400;\"><span style=\"font-weight: 400;\">Acordo para cumprir e estar vinculado a essa pol\u00edtica<\/span><\/li>\n<\/ul>\n<p><b>Informa\u00e7\u00f5es de Contato<\/b><\/p>\n<p><span style=\"font-weight: 400;\">Explore Parkour agradece suas perguntas ou coment\u00e1rios a respeito desta declara\u00e7\u00e3o de Privacidade. Se voc\u00ea acredita que a XP n\u00e3o aderiu a esta declara\u00e7\u00e3o, favor entrar em contato com a XP em: <\/span><\/p>\n<p><span style=\"font-weight: 400;\">Explore Parkour \/ <\/span><span style=\"font-weight: 400;\">800 E Park Apt 116, <\/span><span style=\"font-weight: 400;\">San Antonio, TX 78212<\/span><\/p>\n<p><span style=\"font-weight: 400;\">Endere\u00e7o de Email: <\/span><a href=\"mailto:Jeremesanders@gmail.com\"><span style=\"font-weight: 400;\">Jeremesanders@gmail.com<\/span><\/a><\/p>\n<p><span style=\"font-weight: 400;\">N\u00famero de Telefone: <\/span><span style=\"font-weight: 400;\">2105959359<\/span><\/p>\n<p><span style=\"font-weight: 400;\">Em vigor a partir de 1\u00ba de julho de 2020<\/span><\/p>\n<p>[\/et_pb_text][\/et_pb_column][\/et_pb_row][\/et_pb_section]<\/p>\n","protected":false},"excerpt":{"rendered":"<p>Nossa Pol\u00edtica de Privacidade Esta Declara\u00e7\u00e3o de Privacidade se aplica a www.exploreparkour.com e ParkourSA e rege a coleta e o uso de dados. Para os fins desta Pol\u00edtica de Privacidade, a menos que de outra forma indicado, todas as refer\u00eancias \u00e0 Explore Parkour incluem www.exploreparkour.comParkourSA, XP e Explore Parkour. O site Explore Parkour \u00e9 um [&hellip;]<\/p>\n","protected":false},"author":6,"featured_media":0,"parent":0,"menu_order":0,"comment_status":"closed","ping_status":"closed","template":"","meta":{"_et_pb_use_builder":"on","_et_pb_old_content":"","_et_gb_content_width":"","_uf_show_specific_survey":0,"_uf_disable_surveys":false,"footnotes":""},"class_list":["post-17857","page","type-page","status-publish","hentry"],"_links":{"self":[{"href":"https:\/\/www.exploreparkour.com\/pt-br\/wp-json\/wp\/v2\/pages\/17857","targetHints":{"allow":["GET"]}}],"collection":[{"href":"https:\/\/www.exploreparkour.com\/pt-br\/wp-json\/wp\/v2\/pages"}],"about":[{"href":"https:\/\/www.exploreparkour.com\/pt-br\/wp-json\/wp\/v2\/types\/page"}],"author":[{"embeddable":true,"href":"https:\/\/www.exploreparkour.com\/pt-br\/wp-json\/wp\/v2\/users\/6"}],"replies":[{"embeddable":true,"href":"https:\/\/www.exploreparkour.com\/pt-br\/wp-json\/wp\/v2\/comments?post=17857"}],"version-history":[{"count":5,"href":"https:\/\/www.exploreparkour.com\/pt-br\/wp-json\/wp\/v2\/pages\/17857\/revisions"}],"predecessor-version":[{"id":17866,"href":"https:\/\/www.exploreparkour.com\/pt-br\/wp-json\/wp\/v2\/pages\/17857\/revisions\/17866"}],"wp:attachment":[{"href":"https:\/\/www.exploreparkour.com\/pt-br\/wp-json\/wp\/v2\/media?parent=17857"}],"curies":[{"name":"wp","href":"https:\/\/api.w.org\/{rel}","templated":true}]}}