{"id":17918,"date":"2020-12-15T18:29:25","date_gmt":"2020-12-15T18:29:25","guid":{"rendered":"https:\/\/www.exploreparkour.com\/registrar\/"},"modified":"2021-01-26T12:43:55","modified_gmt":"2021-01-26T12:43:55","slug":"registrar","status":"publish","type":"page","link":"https:\/\/www.exploreparkour.com\/pt-br\/registrar\/","title":{"rendered":"Registrar"},"content":{"rendered":"<p>[et_pb_section fb_built=&#8221;1&#8243; _builder_version=&#8221;4.0.5&#8243; background_color=&#8221;#dcdcdd&#8221; background_image=&#8221;http:\/\/www.exploreparkour.com\/wp-content\/uploads\/2019\/11\/jereme-white-bridge-hanging.jpg&#8221; animation_style=&#8221;fade&#8221; background_color_tablet=&#8221;rgba(0,0,0,0)&#8221; background_last_edited=&#8221;on|phone&#8221; background_enable_color_tablet=&#8221;on&#8221; background_image_tablet=&#8221;http:\/\/www.exploreparkour.com\/wp-content\/uploads\/2019\/11\/WOW-Zeynep-ders-2019-ocak-1-of-1-5-scaled.jpg&#8221; background_image_phone=&#8221;http:\/\/www.exploreparkour.com\/wp-content\/uploads\/2019\/11\/WOW-Zeynep-ders-2019-ocak-1-of-1-5-scaled.jpg&#8221; background_enable_image_tablet=&#8221;on&#8221; background_enable_image_phone=&#8221;on&#8221; parallax_tablet=&#8221;off&#8221; background_size_tablet=&#8221;cover&#8221; background_size_phone=&#8221;initial&#8221; background_position_tablet=&#8221;center&#8221; background_position_phone=&#8221;center&#8221; background_blend_tablet=&#8221;normal&#8221;][et_pb_row _builder_version=&#8221;4.0.5&#8243;][et_pb_column type=&#8221;4_4&#8243; _builder_version=&#8221;4.0.5&#8243;][et_pb_text _builder_version=&#8221;4.4.6&#8243; text_font=&#8221;|300|||||||&#8221; text_text_color=&#8221;#050609&#8243; text_font_size=&#8221;20px&#8221; text_line_height=&#8221;1.3em&#8221; custom_margin=&#8221;|22px|-25px||false|false&#8221; custom_margin_tablet=&#8221;|0px|||false|false&#8221; custom_margin_phone=&#8221;&#8221; custom_margin_last_edited=&#8221;on|desktop&#8221; custom_padding=&#8221;|500px|||false|false&#8221; custom_padding_tablet=&#8221;|0px|||false|false&#8221; custom_padding_phone=&#8221;&#8221; custom_padding_last_edited=&#8221;on|desktop&#8221; hover_enabled=&#8221;0&#8243;]<\/p>\n<h1>Pronto para explorar mais?<\/h1>\n<p>Se voc\u00ea gosta do que viu at\u00e9 agora e est\u00e1 ansioso para acessar o resto de nosso website, crie uma conta e selecione seu pacote de assinatura para que voc\u00ea possa fazer parte da comunidade Explore Parkour!<\/p>\n<p>[\/et_pb_text][\/et_pb_column][\/et_pb_row][et_pb_row _builder_version=&#8221;3.25&#8243; background_size=&#8221;initial&#8221; background_position=&#8221;top_left&#8221; background_repeat=&#8221;repeat&#8221;][et_pb_column type=&#8221;4_4&#8243; _builder_version=&#8221;3.25&#8243; custom_padding=&#8221;|||&#8221; custom_padding__hover=&#8221;|||&#8221;][et_pb_text _builder_version=&#8221;4.4.6&#8243; text_font=&#8221;||||||||&#8221; text_text_color=&#8221;#050609&#8243; background_color=&#8221;#f4f4f4&#8243; background_size=&#8221;initial&#8221; background_position=&#8221;top_left&#8221; background_repeat=&#8221;repeat&#8221; custom_margin=&#8221;|500px|0px|0px|false|false&#8221; custom_margin_tablet=&#8221;|36px|||false|false&#8221; custom_margin_phone=&#8221;|0px|||false|false&#8221; custom_margin_last_edited=&#8221;on|phone&#8221; custom_padding=&#8221;10px|20px|10px|20px|true|true&#8221; custom_padding_tablet=&#8221;&#8221; custom_padding_phone=&#8221;&#8221; custom_padding_last_edited=&#8221;on|desktop&#8221; hover_enabled=&#8221;0&#8243; box_shadow_style=&#8221;preset1&#8243; box_shadow_vertical=&#8221;6px&#8221;]<\/p>\n<p>[pms-register subscription_plans=&#8221;564,565,566&#8243; plans_position=&#8221;top&#8221; selected]<\/p>\n<p>[\/et_pb_text][\/et_pb_column][\/et_pb_row][\/et_pb_section]<\/p>\n","protected":false},"excerpt":{"rendered":"<p>Pronto para explorar mais? Se voc\u00ea gosta do que viu at\u00e9 agora e est\u00e1 ansioso para acessar o resto de nosso website, crie uma conta e selecione seu pacote de assinatura para que voc\u00ea possa fazer parte da comunidade Explore Parkour! [pms-register subscription_plans=&#8221;564,565,566&#8243; plans_position=&#8221;top&#8221; selected]<\/p>\n","protected":false},"author":2,"featured_media":0,"parent":0,"menu_order":0,"comment_status":"closed","ping_status":"closed","template":"","meta":{"_et_pb_use_builder":"on","_et_pb_old_content":"","_et_gb_content_width":"","_uf_show_specific_survey":0,"_uf_disable_surveys":false,"footnotes":""},"class_list":["post-17918","page","type-page","status-publish","hentry"],"_links":{"self":[{"href":"https:\/\/www.exploreparkour.com\/pt-br\/wp-json\/wp\/v2\/pages\/17918","targetHints":{"allow":["GET"]}}],"collection":[{"href":"https:\/\/www.exploreparkour.com\/pt-br\/wp-json\/wp\/v2\/pages"}],"about":[{"href":"https:\/\/www.exploreparkour.com\/pt-br\/wp-json\/wp\/v2\/types\/page"}],"author":[{"embeddable":true,"href":"https:\/\/www.exploreparkour.com\/pt-br\/wp-json\/wp\/v2\/users\/2"}],"replies":[{"embeddable":true,"href":"https:\/\/www.exploreparkour.com\/pt-br\/wp-json\/wp\/v2\/comments?post=17918"}],"version-history":[{"count":5,"href":"https:\/\/www.exploreparkour.com\/pt-br\/wp-json\/wp\/v2\/pages\/17918\/revisions"}],"predecessor-version":[{"id":20464,"href":"https:\/\/www.exploreparkour.com\/pt-br\/wp-json\/wp\/v2\/pages\/17918\/revisions\/20464"}],"wp:attachment":[{"href":"https:\/\/www.exploreparkour.com\/pt-br\/wp-json\/wp\/v2\/media?parent=17918"}],"curies":[{"name":"wp","href":"https:\/\/api.w.org\/{rel}","templated":true}]}}