{"id":17936,"date":"2020-12-15T18:33:19","date_gmt":"2020-12-15T18:33:19","guid":{"rendered":"https:\/\/www.exploreparkour.com\/selen-gurmen-sanders\/"},"modified":"2020-12-15T18:33:27","modified_gmt":"2020-12-15T18:33:27","slug":"selen-gurmen-sanders","status":"publish","type":"page","link":"https:\/\/www.exploreparkour.com\/pt-br\/selen-gurmen-sanders\/","title":{"rendered":"Selen G\u00fcrmen Sanders"},"content":{"rendered":"\n[et_pb_section fb_built=&#8221;1&#8243; _builder_version=&#8221;4.4.6&#8243;][et_pb_row column_structure=&#8221;1_2,1_2&#8243; _builder_version=&#8221;4.4.6&#8243; custom_margin=&#8221;-7px|auto||auto||&#8221;][et_pb_column type=&#8221;1_2&#8243; _builder_version=&#8221;4.4.6&#8243;][et_pb_text _builder_version=&#8221;4.4.6&#8243; text_font_size=&#8221;20px&#8221; header_text_align=&#8221;center&#8221; header_font_size=&#8221;36px&#8221; header_4_font=&#8221;||||||||&#8221; header_4_text_color=&#8221;#048c9e&#8221; text_orientation=&#8221;center&#8221; custom_margin=&#8221;||-1px|||&#8221; animation_style=&#8221;fade&#8221; animation_duration=&#8221;1400ms&#8221; header_font_size_tablet=&#8221;30px&#8221; header_font_size_phone=&#8221;24px&#8221; header_font_size_last_edited=&#8221;on|phone&#8221; header_4_font_size_tablet=&#8221;15px&#8221; header_4_font_size_phone=&#8221;14px&#8221; header_4_font_size_last_edited=&#8221;on|desktop&#8221;]<h1 style=\"text-align: left;\">Selen G\u00fcrmen Sanders<\/h1>\n<h4 style=\"text-align: left;\"><span>Suporte Turco, Web Design, Cria\u00e7\u00e3o de Conte\u00fado<\/span><\/h4>[\/et_pb_text][et_pb_divider color=&#8221;#048c9e&#8221; _builder_version=&#8221;4.4.6&#8243; custom_margin=&#8221;||19px|||&#8221;][\/et_pb_divider][et_pb_image src=&#8221;http:\/\/www.exploreparkour.com\/wp-content\/uploads\/2020\/07\/Selen-G\u00fcrmen-Sanders-about-page.png.jpg&#8221; title_text=&#8221;Selen G\u00fcrmen Sanders- about page.png&#8221; disabled_on=&#8221;off|off|on&#8221; _builder_version=&#8221;4.4.6&#8243; animation_style=&#8221;fade&#8221; animation_direction=&#8221;bottom&#8221; animation_duration=&#8221;1400ms&#8221;][\/et_pb_image][et_pb_text _builder_version=&#8221;4.4.6&#8243; header_6_letter_spacing=&#8221;1px&#8221; header_6_line_height=&#8221;1.2em&#8221; animation_style=&#8221;fade&#8221; animation_duration=&#8221;1400ms&#8221; text_font_size_tablet=&#8221;16px&#8221; text_font_size_phone=&#8221;16px&#8221; text_font_size_last_edited=&#8221;on|phone&#8221; header_font_size_tablet=&#8221;&#8221; header_font_size_phone=&#8221;30px&#8221; header_font_size_last_edited=&#8221;on|phone&#8221; header_6_font_size_tablet=&#8221;14px&#8221; header_6_font_size_phone=&#8221;14px&#8221; header_6_font_size_last_edited=&#8221;on|tablet&#8221;]<ul>\n<li><em>Come\u00e7ou a Respirar <strong>| 1991<\/strong><\/em><\/li>\n<li><em>Come\u00e7ou a Treinar <strong>| 2003<\/strong><\/em><\/li>\n<li><em>Come\u00e7ou Parkour <strong>| 2012<\/strong><\/em><\/li>\n<li><em>Come\u00e7ou a Ensinar <strong>| 2014<\/strong><\/em><\/li>\n<\/ul>\n<h6 style=\"text-align: left;\"><strong><\/strong><\/h6>\n<p style=\"text-align: left;\"><strong>Para que voc\u00ea vive? <\/strong><\/p>\n<p>Eu vivo para nada al\u00e9m do ato de viver. Eu tenho ideais, mas tento estar aberta \u00e0 mudan\u00e7a. Gosto de momentos em que se v\u00ea a conex\u00e3o entre tudo e todos.<\/p>\n<p style=\"text-align: left;\"><strong>Sua forma favorita de explorar?<\/strong><\/p>\n<p>Minha maneira favorita de explorar \u00e9 a rendi\u00e7\u00e3o \u00e0 m\u00fasica. Eu encontro paz e um senso de unidade quando estou perdida nela.<\/p>\n<ul>\n<li style=\"list-style-type: none;\">\n<\/li><\/ul>[\/et_pb_text][\/et_pb_column][et_pb_column type=&#8221;1_2&#8243; _builder_version=&#8221;4.4.6&#8243;][et_pb_image src=&#8221;http:\/\/www.exploreparkour.com\/wp-content\/uploads\/2020\/07\/Selen-G\u00fcrmen-Sanders-about-page.png.jpg&#8221; title_text=&#8221;Selen G\u00fcrmen Sanders- about page.png&#8221; disabled_on=&#8221;on|on|off&#8221; _builder_version=&#8221;4.4.6&#8243; animation_style=&#8221;fade&#8221; animation_direction=&#8221;bottom&#8221; animation_duration=&#8221;1400ms&#8221;][\/et_pb_image][et_pb_social_media_follow _builder_version=&#8221;4.4.6&#8243; text_orientation=&#8221;right&#8221; animation_style=&#8221;fade&#8221; animation_duration=&#8221;1400ms&#8221; hover_enabled=&#8221;0&#8243;][et_pb_social_media_follow_network social_network=&#8221;instagram&#8221; url=&#8221;https:\/\/www.instagram.com\/selen.indahouse\/&#8221; _builder_version=&#8221;4.4.6&#8243; background_color=&#8221;#ea2c59&#8243; hover_enabled=&#8221;0&#8243; follow_button=&#8221;off&#8221; url_new_window=&#8221;on&#8221;]instagram[\/et_pb_social_media_follow_network][et_pb_social_media_follow_network social_network=&#8221;vimeo&#8221; url=&#8221;https:\/\/vimeo.com\/elernes&#8221; _builder_version=&#8221;4.4.6&#8243; background_color=&#8221;#45bbff&#8221; hover_enabled=&#8221;0&#8243; follow_button=&#8221;off&#8221; url_new_window=&#8221;on&#8221;]vimeo[\/et_pb_social_media_follow_network][\/et_pb_social_media_follow][\/et_pb_column][\/et_pb_row][\/et_pb_section]\n","protected":false},"excerpt":{"rendered":"<p>Selen G\u00fcrmen Sanders Suporte Turco, Web Design, Cria\u00e7\u00e3o de Conte\u00fado Come\u00e7ou a Respirar | 1991 Come\u00e7ou a Treinar | 2003 Come\u00e7ou Parkour | 2012 Come\u00e7ou a Ensinar | 2014 Para que voc\u00ea vive? Eu vivo para nada al\u00e9m do ato de viver. Eu tenho ideais, mas tento estar aberta \u00e0 mudan\u00e7a. Gosto de momentos em [&hellip;]<\/p>\n","protected":false},"author":6,"featured_media":0,"parent":0,"menu_order":0,"comment_status":"closed","ping_status":"closed","template":"","meta":{"_et_pb_use_builder":"on","_et_pb_old_content":"","_et_gb_content_width":"","_uf_show_specific_survey":0,"_uf_disable_surveys":false,"footnotes":""},"class_list":["post-17936","page","type-page","status-publish","hentry"],"_links":{"self":[{"href":"https:\/\/www.exploreparkour.com\/pt-br\/wp-json\/wp\/v2\/pages\/17936","targetHints":{"allow":["GET"]}}],"collection":[{"href":"https:\/\/www.exploreparkour.com\/pt-br\/wp-json\/wp\/v2\/pages"}],"about":[{"href":"https:\/\/www.exploreparkour.com\/pt-br\/wp-json\/wp\/v2\/types\/page"}],"author":[{"embeddable":true,"href":"https:\/\/www.exploreparkour.com\/pt-br\/wp-json\/wp\/v2\/users\/6"}],"replies":[{"embeddable":true,"href":"https:\/\/www.exploreparkour.com\/pt-br\/wp-json\/wp\/v2\/comments?post=17936"}],"version-history":[{"count":4,"href":"https:\/\/www.exploreparkour.com\/pt-br\/wp-json\/wp\/v2\/pages\/17936\/revisions"}],"predecessor-version":[{"id":17940,"href":"https:\/\/www.exploreparkour.com\/pt-br\/wp-json\/wp\/v2\/pages\/17936\/revisions\/17940"}],"wp:attachment":[{"href":"https:\/\/www.exploreparkour.com\/pt-br\/wp-json\/wp\/v2\/media?parent=17936"}],"curies":[{"name":"wp","href":"https:\/\/api.w.org\/{rel}","templated":true}]}}