{"id":18042,"date":"2020-12-16T13:16:48","date_gmt":"2020-12-16T13:16:48","guid":{"rendered":"https:\/\/www.exploreparkour.com\/tecnicas\/escalada\/"},"modified":"2022-06-30T17:52:02","modified_gmt":"2022-06-30T17:52:02","slug":"escalada","status":"publish","type":"page","link":"https:\/\/www.exploreparkour.com\/pt-br\/tecnicas\/escalada\/","title":{"rendered":"Escalada"},"content":{"rendered":"<p>[et_pb_section fb_built=&#8221;1&#8243; _builder_version=&#8221;4.16&#8243; global_colors_info=&#8221;{}&#8221;][et_pb_row _builder_version=&#8221;4.16&#8243; background_color=&#8221;#b20e0e&#8221; global_colors_info=&#8221;{}&#8221;][et_pb_column type=&#8221;4_4&#8243; _builder_version=&#8221;4.16&#8243; global_colors_info=&#8221;{}&#8221;][et_pb_text _builder_version=&#8221;4.16&#8243; header_text_color=&#8221;#FFFFFF&#8221; background_enable_color=&#8221;off&#8221; global_colors_info=&#8221;{}&#8221;]<\/p>\n<h1 style=\"text-align: center;\">Escalada<\/h1>\n<p>[\/et_pb_text][\/et_pb_column][\/et_pb_row][et_pb_row _builder_version=&#8221;4.16&#8243; custom_margin=&#8221;-24px||-24px||true|false&#8221; custom_padding=&#8221;0px||||false|false&#8221; global_colors_info=&#8221;{}&#8221;][et_pb_column type=&#8221;4_4&#8243; _builder_version=&#8221;4.16&#8243; global_colors_info=&#8221;{}&#8221;][et_pb_text _builder_version=&#8221;4.16&#8243; text_text_color=&#8221;#b20e0e&#8221; text_font_size_tablet=&#8221;14px&#8221; text_font_size_phone=&#8221;12px&#8221; text_font_size_last_edited=&#8221;on|desktop&#8221; global_colors_info=&#8221;{}&#8221;]<\/p>\n<p>T\u00e9cnicas:<\/p>\n<p>[\/et_pb_text][\/et_pb_column][\/et_pb_row][et_pb_row column_structure=&#8221;1_4,1_4,1_4,1_4&#8243; use_custom_gutter=&#8221;on&#8221; gutter_width=&#8221;1&#8243; make_equal=&#8221;on&#8221; _builder_version=&#8221;4.16&#8243; background_color=&#8221;rgba(0,0,0,0.06)&#8221; max_width=&#8221;1720px&#8221; custom_padding=&#8221;3px||3px||false|false&#8221; border_width_all=&#8221;1px&#8221; border_color_all=&#8221;rgba(0,0,0,0.14)&#8221; global_colors_info=&#8221;{}&#8221; custom_padding__hover_enabled=&#8221;off|desktop&#8221;][et_pb_column type=&#8221;1_4&#8243; _builder_version=&#8221;4.16&#8243; global_colors_info=&#8221;{}&#8221;][et_pb_blurb title=&#8221;Travessia&#8221; url=&#8221;@ET-DC@eyJkeW5hbWljIjp0cnVlLCJjb250ZW50IjoicG9zdF9saW5rX3VybF9wYWdlIiwic2V0dGluZ3MiOnsicG9zdF9pZCI6IjE0ODcifX0=@&#8221; content_max_width=&#8221;1100px&#8221; _builder_version=&#8221;4.16&#8243; _dynamic_attributes=&#8221;url,link_option_url&#8221; header_font=&#8221;|on|||&#8221; header_text_align=&#8221;center&#8221; header_text_color=&#8221;#2e2545&#8243; header_line_height=&#8221;1.5em&#8221; body_text_color=&#8221;#776258&#8243; body_font_size=&#8221;14px&#8221; body_line_height=&#8221;1.6em&#8221; background_color=&#8221;rgba(0,0,0,0)&#8221; custom_margin=&#8221;||0px||false|false&#8221; custom_padding=&#8221;20px|30px|20px|30px|true|false&#8221; animation_style=&#8221;zoom&#8221; animation_direction=&#8221;bottom&#8221; animation_intensity_zoom=&#8221;20%&#8221; animation_starting_opacity=&#8221;100%&#8221; link_option_url=&#8221;@ET-DC@eyJkeW5hbWljIjp0cnVlLCJjb250ZW50IjoicG9zdF9saW5rX3VybF9wYWdlIiwic2V0dGluZ3MiOnsicG9zdF9pZCI6IjE0ODcifX0=@&#8221; locked=&#8221;off&#8221; global_colors_info=&#8221;{}&#8221;]<\/p>\n<p style=\"text-align: center;\">T\u00e9cnicas de escalada que o ajudam a atravessar lateralmente um ambiente. (Ex. Snake Crawl, Cat Traverse, etc.)<\/p>\n<p>[\/et_pb_blurb][\/et_pb_column][et_pb_column type=&#8221;1_4&#8243; _builder_version=&#8221;4.16&#8243; global_colors_info=&#8221;{}&#8221;][et_pb_blurb title=&#8221;Ascen\u00e7\u00e3o&#8221; url=&#8221;@ET-DC@eyJkeW5hbWljIjp0cnVlLCJjb250ZW50IjoicG9zdF9saW5rX3VybF9wYWdlIiwic2V0dGluZ3MiOnsicG9zdF9pZCI6IjE4MDU5In19@&#8221; content_max_width=&#8221;1100px&#8221; _builder_version=&#8221;4.16&#8243; _dynamic_attributes=&#8221;url,link_option_url&#8221; header_font=&#8221;|on|||&#8221; header_text_align=&#8221;center&#8221; header_text_color=&#8221;#2e2545&#8243; header_line_height=&#8221;1.5em&#8221; body_text_color=&#8221;#776258&#8243; body_font_size=&#8221;14px&#8221; body_line_height=&#8221;1.6em&#8221; background_color=&#8221;rgba(0,0,0,0)&#8221; custom_margin=&#8221;|||&#8221; custom_padding=&#8221;20px|30px|20px|30px|true|false&#8221; animation_style=&#8221;zoom&#8221; animation_direction=&#8221;bottom&#8221; animation_intensity_zoom=&#8221;20%&#8221; animation_starting_opacity=&#8221;100%&#8221; link_option_url=&#8221;@ET-DC@eyJkeW5hbWljIjp0cnVlLCJjb250ZW50IjoicG9zdF9saW5rX3VybF9wYWdlIiwic2V0dGluZ3MiOnsicG9zdF9pZCI6IjE4MDU5In19@&#8221; box_shadow_style=&#8221;preset4&#8243; box_shadow_horizontal=&#8221;-1px&#8221; box_shadow_vertical=&#8221;0px&#8221; box_shadow_color=&#8221;rgba(71,74,182,0.12)&#8221; locked=&#8221;off&#8221; global_colors_info=&#8221;{}&#8221;]<\/p>\n<p style=\"text-align: center;\"><span>T\u00e9cnicas relacionadas \u00e0 ascen\u00e7\u00e3o em escalada sobre superf\u00edcies verticais e pr\u00f3ximas \u00e0 vertical. (Ex. climb up, dyno, etc.)<\/span><\/p>\n<p>[\/et_pb_blurb][\/et_pb_column][et_pb_column type=&#8221;1_4&#8243; _builder_version=&#8221;4.16&#8243; global_colors_info=&#8221;{}&#8221;][et_pb_blurb title=&#8221;Descida&#8221; url=&#8221;@ET-DC@eyJkeW5hbWljIjp0cnVlLCJjb250ZW50IjoicG9zdF9saW5rX3VybF9wYWdlIiwic2V0dGluZ3MiOnsicG9zdF9pZCI6IjEwODkifX0=@&#8221; content_max_width=&#8221;1100px&#8221; _builder_version=&#8221;4.16&#8243; _dynamic_attributes=&#8221;url,link_option_url&#8221; header_font=&#8221;|on|||&#8221; header_text_align=&#8221;center&#8221; header_text_color=&#8221;#2e2545&#8243; header_line_height=&#8221;1.5em&#8221; body_text_color=&#8221;#776258&#8243; body_font_size=&#8221;14px&#8221; body_line_height=&#8221;1.6em&#8221; background_color=&#8221;rgba(0,0,0,0)&#8221; custom_margin=&#8221;|||&#8221; custom_padding=&#8221;20px|30px|20px|30px|true|false&#8221; animation_style=&#8221;zoom&#8221; animation_direction=&#8221;bottom&#8221; animation_intensity_zoom=&#8221;20%&#8221; animation_starting_opacity=&#8221;100%&#8221; link_option_url=&#8221;@ET-DC@eyJkeW5hbWljIjp0cnVlLCJjb250ZW50IjoicG9zdF9saW5rX3VybF9wYWdlIiwic2V0dGluZ3MiOnsicG9zdF9pZCI6IjEwODkifX0=@&#8221; box_shadow_style=&#8221;preset7&#8243; box_shadow_horizontal=&#8221;1px&#8221; box_shadow_vertical=&#8221;0px&#8221; box_shadow_color=&#8221;rgba(71,74,182,0.12)&#8221; locked=&#8221;off&#8221; global_colors_info=&#8221;{}&#8221;]<\/p>\n<p style=\"text-align: center;\">T\u00e9cnicas onde voc\u00ea est\u00e1 descendo de um ponto elevado. (Ex. Drop Cat, etc.)<\/p>\n<p>[\/et_pb_blurb][\/et_pb_column][et_pb_column type=&#8221;1_4&#8243; _builder_version=&#8221;4.16&#8243; global_colors_info=&#8221;{}&#8221;][et_pb_blurb title=&#8221;Escalada +&#8221; url=&#8221;@ET-DC@eyJkeW5hbWljIjp0cnVlLCJjb250ZW50IjoicG9zdF9saW5rX3VybF9wYWdlIiwic2V0dGluZ3MiOnsicG9zdF9pZCI6IjE4MDc2In19@&#8221; content_max_width=&#8221;1100px&#8221; _builder_version=&#8221;4.16&#8243; _dynamic_attributes=&#8221;url,link_option_url&#8221; header_font=&#8221;|on|||&#8221; header_text_align=&#8221;center&#8221; header_text_color=&#8221;#2e2545&#8243; header_line_height=&#8221;1.5em&#8221; body_text_color=&#8221;#776258&#8243; body_font_size=&#8221;14px&#8221; body_line_height=&#8221;1.6em&#8221; background_color=&#8221;rgba(0,0,0,0)&#8221; custom_margin=&#8221;|||&#8221; custom_padding=&#8221;20px|30px|20px|30px|true|false&#8221; animation_style=&#8221;zoom&#8221; animation_direction=&#8221;bottom&#8221; animation_intensity_zoom=&#8221;20%&#8221; animation_starting_opacity=&#8221;100%&#8221; link_option_url=&#8221;@ET-DC@eyJkeW5hbWljIjp0cnVlLCJjb250ZW50IjoicG9zdF9saW5rX3VybF9wYWdlIiwic2V0dGluZ3MiOnsicG9zdF9pZCI6IjE4MDc2In19@&#8221; box_shadow_style=&#8221;preset7&#8243; box_shadow_horizontal=&#8221;1px&#8221; box_shadow_vertical=&#8221;0px&#8221; box_shadow_color=&#8221;rgba(71,74,182,0.12)&#8221; locked=&#8221;off&#8221; global_colors_info=&#8221;{}&#8221;]<\/p>\n<p style=\"text-align: center;\"><span>T\u00e9cnicas que utilizam a escalada combinada com outra habilidade (Ex. Cat Leap, Wall Run)<\/span><\/p>\n<p>[\/et_pb_blurb][\/et_pb_column][\/et_pb_row][\/et_pb_section][et_pb_section fb_built=&#8221;1&#8243; _builder_version=&#8221;4.16&#8243; global_colors_info=&#8221;{}&#8221;][et_pb_row _builder_version=&#8221;4.16&#8243; global_colors_info=&#8221;{}&#8221;][et_pb_column type=&#8221;4_4&#8243; _builder_version=&#8221;4.16&#8243; global_colors_info=&#8221;{}&#8221;][et_pb_text _builder_version=&#8221;4.16&#8243; text_font_size=&#8221;18px&#8221; global_colors_info=&#8221;{}&#8221;]<\/p>\n<h3 style=\"text-align: center;\">Postagens Recentes<\/h3>\n<p>[\/et_pb_text][et_pb_blog fullwidth=&#8221;off&#8221; include_categories=&#8221;267,255,323&#8243; use_manual_excerpt=&#8221;off&#8221; show_author=&#8221;off&#8221; show_date=&#8221;off&#8221; show_categories=&#8221;off&#8221; show_excerpt=&#8221;off&#8221; show_pagination=&#8221;off&#8221; _builder_version=&#8221;4.17.4&#8243; header_text_align=&#8221;center&#8221; hover_enabled=&#8221;0&#8243; border_style_all=&#8221;none&#8221; global_colors_info=&#8221;{}&#8221; sticky_enabled=&#8221;0&#8243;][\/et_pb_blog][\/et_pb_column][\/et_pb_row][\/et_pb_section]<\/p>\n","protected":false},"excerpt":{"rendered":"<p>EscaladaT\u00e9cnicas:T\u00e9cnicas de escalada que o ajudam a atravessar lateralmente um ambiente. (Ex. Snake Crawl, Cat Traverse, etc.)T\u00e9cnicas relacionadas \u00e0 ascen\u00e7\u00e3o em escalada sobre superf\u00edcies verticais e pr\u00f3ximas \u00e0 vertical. (Ex. climb up, dyno, etc.)T\u00e9cnicas onde voc\u00ea est\u00e1 descendo de um ponto elevado. (Ex. Drop Cat, etc.)T\u00e9cnicas que utilizam a escalada combinada com outra habilidade (Ex. [&hellip;]<\/p>\n","protected":false},"author":2,"featured_media":0,"parent":17945,"menu_order":0,"comment_status":"closed","ping_status":"closed","template":"","meta":{"_et_pb_use_builder":"on","_et_pb_old_content":"","_et_gb_content_width":"","_uf_show_specific_survey":0,"_uf_disable_surveys":false,"footnotes":""},"class_list":["post-18042","page","type-page","status-publish","hentry"],"_links":{"self":[{"href":"https:\/\/www.exploreparkour.com\/pt-br\/wp-json\/wp\/v2\/pages\/18042","targetHints":{"allow":["GET"]}}],"collection":[{"href":"https:\/\/www.exploreparkour.com\/pt-br\/wp-json\/wp\/v2\/pages"}],"about":[{"href":"https:\/\/www.exploreparkour.com\/pt-br\/wp-json\/wp\/v2\/types\/page"}],"author":[{"embeddable":true,"href":"https:\/\/www.exploreparkour.com\/pt-br\/wp-json\/wp\/v2\/users\/2"}],"replies":[{"embeddable":true,"href":"https:\/\/www.exploreparkour.com\/pt-br\/wp-json\/wp\/v2\/comments?post=18042"}],"version-history":[{"count":5,"href":"https:\/\/www.exploreparkour.com\/pt-br\/wp-json\/wp\/v2\/pages\/18042\/revisions"}],"predecessor-version":[{"id":27492,"href":"https:\/\/www.exploreparkour.com\/pt-br\/wp-json\/wp\/v2\/pages\/18042\/revisions\/27492"}],"up":[{"embeddable":true,"href":"https:\/\/www.exploreparkour.com\/pt-br\/wp-json\/wp\/v2\/pages\/17945"}],"wp:attachment":[{"href":"https:\/\/www.exploreparkour.com\/pt-br\/wp-json\/wp\/v2\/media?parent=18042"}],"curies":[{"name":"wp","href":"https:\/\/api.w.org\/{rel}","templated":true}]}}