{"id":24099,"date":"2022-01-10T17:35:26","date_gmt":"2022-01-10T17:35:26","guid":{"rendered":"https:\/\/www.exploreparkour.com\/patreon-tiers\/"},"modified":"2022-06-28T12:59:35","modified_gmt":"2022-06-28T12:59:35","slug":"patreon-tiers","status":"publish","type":"page","link":"https:\/\/www.exploreparkour.com\/pt-br\/patreon-tiers\/","title":{"rendered":"Patreon Tiers"},"content":{"rendered":"<p>[et_pb_section fb_built=&#8221;1&#8243; _builder_version=&#8221;4.16&#8243; _module_preset=&#8221;default&#8221; global_colors_info=&#8221;{}&#8221;][et_pb_row _builder_version=&#8221;4.16&#8243; _module_preset=&#8221;default&#8221; global_colors_info=&#8221;{}&#8221;][et_pb_column type=&#8221;4_4&#8243; _builder_version=&#8221;4.16&#8243; _module_preset=&#8221;default&#8221; global_colors_info=&#8221;{}&#8221;][et_pb_text _builder_version=&#8221;4.17.4&#8243; _module_preset=&#8221;default&#8221; link_text_color=&#8221;#B20E0E&#8221; custom_margin=&#8221;||-26px|||&#8221; custom_padding=&#8221;||13px|||&#8221; link_option_url_new_window=&#8221;on&#8221; hover_enabled=&#8221;0&#8243; global_colors_info=&#8221;{}&#8221; sticky_enabled=&#8221;0&#8243;]<\/p>\n<h1 style=\"text-align: center;\">Selecione atrav\u00e9s da <a href=\"https:\/\/www.patreon.com\/Exploreparkour?fan_landing=true\">Patreon<\/a> um de nossos Pacotes de Inscri\u00e7\u00e3o!<\/h1>\n<p>&nbsp;<\/p>\n<p>[\/et_pb_text][\/et_pb_column][\/et_pb_row][et_pb_row _builder_version=&#8221;4.16&#8243; _module_preset=&#8221;default&#8221; global_colors_info=&#8221;{}&#8221;][et_pb_column type=&#8221;4_4&#8243; _builder_version=&#8221;4.16&#8243; _module_preset=&#8221;default&#8221; global_colors_info=&#8221;{}&#8221;][et_pb_cta title=&#8221;Navegante&#8221; button_url=&#8221;https:\/\/www.patreon.com\/join\/Exploreparkour\/checkout?rid=8044541&#8243; button_text=&#8221;Inscreva-se&#8221; button_text_last_edited=&#8221;off|desktop&#8221; _builder_version=&#8221;4.17.4&#8243; _module_preset=&#8221;default&#8221; background_color=&#8221;rgba(4,4,10,0.46)&#8221; background_image=&#8221;https:\/\/www.exploreparkour.com\/wp-content\/uploads\/2019\/11\/Jereme-On-the-roof.jpg&#8221; background_blend=&#8221;darken&#8221; custom_button=&#8221;on&#8221; button_text_size=&#8221;15px&#8221; button_text_color=&#8221;#F4E4DC&#8221; button_bg_color=&#8221;#B20E0E&#8221; button_border_width=&#8221;0px&#8221; button_border_radius=&#8221;24px&#8221; button_letter_spacing=&#8221;3px&#8221; button_font=&#8221;|||on|||||&#8221; button_icon=&#8221;&#x35;||divi||400&#8243; button_alignment=&#8221;center&#8221; hover_enabled=&#8221;0&#8243; header_text_shadow_style=&#8221;preset1&#8243; border_width_all=&#8221;0px&#8221; box_shadow_style=&#8221;preset6&#8243; box_shadow_color=&#8221;#050609&#8243; global_colors_info=&#8221;{}&#8221; button_text__hover_enabled=&#8221;off|desktop&#8221; sticky_enabled=&#8221;0&#8243;]<\/p>\n<p><strong>2$ dol\u00e1res\/m\u00eas<\/strong><\/p>\n<p><strong><\/strong><\/p>\n<p><em>&#8220;Sozinhos avan\u00e7amos mais r\u00e1pido, por\u00e9m juntos chegamos mais longe&#8221;. Prov\u00e9rbio Burkinabe<\/em><\/p>\n<p><span>Com este tier, al\u00e9m do acesso a todo o nosso conte\u00fado t\u00e9cnico, f\u00edsico, conceitual, revis\u00f5es de produtos e nossa biblioteca de jogos, voc\u00ea estar\u00e1 nos ajudando a continuar desenvolvendo nosso <\/span><span>banco de dados a partir dos quase 20 anos de experi\u00eancia da Explore Parkour para que outras pessoas tamb\u00e9m possam usufruir dele.<\/span><\/p>\n<p><span><\/span><\/p>\n<p style=\"text-align: left;\"><strong>Atributos<\/strong><\/p>\n<ul>\n<li style=\"text-align: left;\"><span>Acesso ao Conte\u00fado Completo da Explore Parkour<\/span><\/li>\n<li style=\"text-align: left;\"><span>Suporte Online dos Conte\u00fados da Explore Parkour<\/span><\/li>\n<\/ul>\n<p>[\/et_pb_cta][\/et_pb_column][\/et_pb_row][et_pb_row _builder_version=&#8221;4.16&#8243; _module_preset=&#8221;default&#8221; global_colors_info=&#8221;{}&#8221;][et_pb_column type=&#8221;4_4&#8243; _builder_version=&#8221;4.16&#8243; _module_preset=&#8221;default&#8221; global_colors_info=&#8221;{}&#8221;][et_pb_cta title=&#8221;Viajante&#8221; button_url=&#8221;https:\/\/www.patreon.com\/join\/Exploreparkour\/checkout?rid=8044696&#8243; button_text=&#8221;Inscreva-se&#8221; _builder_version=&#8221;4.17.4&#8243; _module_preset=&#8221;default&#8221; background_color=&#8221;rgba(5,6,9,0.57)&#8221; background_image=&#8221;https:\/\/www.exploreparkour.com\/wp-content\/uploads\/2022\/01\/IMG_1881.jpeg&#8221; background_blend=&#8221;darken&#8221; custom_button=&#8221;on&#8221; button_text_size=&#8221;15px&#8221; button_text_color=&#8221;#F4E4DC&#8221; button_bg_color=&#8221;#B20E0E&#8221; button_border_width=&#8221;0px&#8221; button_border_radius=&#8221;24px&#8221; button_letter_spacing=&#8221;3px&#8221; button_font=&#8221;|||on|||||&#8221; button_icon=&#8221;&#x35;||divi||400&#8243; button_alignment=&#8221;center&#8221; hover_enabled=&#8221;0&#8243; header_text_shadow_style=&#8221;preset1&#8243; border_width_all=&#8221;0px&#8221; box_shadow_style=&#8221;preset6&#8243; box_shadow_color=&#8221;#050609&#8243; global_colors_info=&#8221;{}&#8221; sticky_enabled=&#8221;0&#8243;]<\/p>\n<p><strong>5$ dol\u00e1res\/m\u00eas<\/strong><\/p>\n<p><em>&#8220;Aqueles que viajam pelo mundo esperando que sejam &#8216;iluminados pela luz&#8217; muitas vezes n\u00e3o enchergam a luz que os rodeia&#8221;. &#8211; Rolf Potts<\/em><br \/><span> <\/span><br \/>Este tier lhe d\u00e1 a autonomia de nos ajudar a direcionar qual conte\u00fado criamos primeiro, assim como a ordem de nossas postagens. Voc\u00ea ter\u00e1 acesso \u00e0 Comunidade da Explore Parkour no Discord, onde praticantes do mundo todo podem trocar conte\u00fados e informa\u00e7\u00f5es diretamente uns com os outros. O conte\u00fado dos nossos bastidores tamb\u00e9m estar\u00e1 dispon\u00edvel para voc\u00ea atrav\u00e9s da sua conta na Patreon.<span><\/span><span><\/span><\/p>\n<p style=\"text-align: left;\"><strong>Atributos<\/strong><\/p>\n<ul>\n<li style=\"text-align: left;\">Acesso ao Conte\u00fado Completo da Explore Parkour<\/li>\n<li style=\"text-align: left;\">Suporte Online dos Conte\u00fados da Explore Parkour<\/li>\n<li style=\"text-align: left;\">Poder de Voto para os Conte\u00fados Futuros<\/li>\n<li style=\"text-align: left;\">Conte\u00fado Exclusivo dos Bastidores<\/li>\n<li style=\"text-align: left;\">Acesso ao Chat da Comunidade Explore Parkour no Discord<\/li>\n<\/ul>\n<p>[\/et_pb_cta][\/et_pb_column][\/et_pb_row][et_pb_row _builder_version=&#8221;4.16&#8243; _module_preset=&#8221;default&#8221; global_colors_info=&#8221;{}&#8221;][et_pb_column type=&#8221;4_4&#8243; _builder_version=&#8221;4.16&#8243; _module_preset=&#8221;default&#8221; global_colors_info=&#8221;{}&#8221;][et_pb_cta title=&#8221;Explorador(a)&#8221; button_url=&#8221;https:\/\/www.patreon.com\/join\/Exploreparkour\/checkout?rid=8050875&#8243; button_text=&#8221;Inscreva-se&#8221; _builder_version=&#8221;4.17.4&#8243; _module_preset=&#8221;default&#8221; background_color=&#8221;rgba(5,6,9,0.57)&#8221; background_image=&#8221;https:\/\/www.exploreparkour.com\/wp-content\/uploads\/2022\/01\/044DE7A5-827C-4642-8F5B-F34B71AC8360.png&#8221; background_position=&#8221;top_center&#8221; background_blend=&#8221;darken&#8221; custom_button=&#8221;on&#8221; button_text_size=&#8221;15px&#8221; button_text_color=&#8221;#F4E4DC&#8221; button_bg_color=&#8221;#B20E0E&#8221; button_border_width=&#8221;0px&#8221; button_border_radius=&#8221;24px&#8221; button_letter_spacing=&#8221;3px&#8221; button_font=&#8221;|||on|||||&#8221; button_icon=&#8221;&#x35;||divi||400&#8243; button_alignment=&#8221;center&#8221; hover_enabled=&#8221;0&#8243; header_text_shadow_style=&#8221;preset1&#8243; border_width_all=&#8221;0px&#8221; box_shadow_style=&#8221;preset6&#8243; box_shadow_color=&#8221;#050609&#8243; global_colors_info=&#8221;{}&#8221; sticky_enabled=&#8221;0&#8243;]<\/p>\n<p><strong>10$ dol\u00e1res\/m\u00eas<\/strong><\/p>\n<p><em>&#8220;Um navio no porto \u00e9 seguro, mas n\u00e3o \u00e9 para isso que os navios s\u00e3o constru\u00eddos&#8221;. &#8211; John A. Shedd<\/em><\/p>\n<p>Al\u00e9m dos benef\u00edcios acima mencionados, este tier lhe dar\u00e1 algumas ferramentas de suporte \u00e0 mais para ajud\u00e1-lo diretamente em seu caminho para se tornar um melhor praticante ou treinador.  Al\u00e9m do acesso \u00e0 se\u00e7\u00e3o \u201cCoaching\u201d no site da Explore Parkour, n\u00f3s iremos analisar e responder 5 temas quaisquer relacionados ao Parkour que voc\u00ea nos traga mensalmente, sejam eles v\u00eddeos de an\u00e1lise t\u00e9cnica, conte\u00fados de aula, exerc\u00edcios ou projetos maiores.<\/p>\n<p style=\"text-align: left;\"><strong>Atributos<\/strong><\/p>\n<ul>\n<li style=\"text-align: left;\">Acesso ao Conte\u00fado Completo da Explore Parkour<\/li>\n<li style=\"text-align: left;\">Suporte Online dos Conte\u00fados da Explore Parkour<\/li>\n<li style=\"text-align: left;\">Poder de Voto para os Conte\u00fados Futuros<\/li>\n<li style=\"text-align: left;\">Conte\u00fado Exclusivo dos Bastidores<\/li>\n<li style=\"text-align: left;\">Acesso ao Chat da Comunidade Explore Parkour no Discord<\/li>\n<li style=\"text-align: left;\">5 Feedbacks Mensais Remotos<\/li>\n<\/ul>\n<p>[\/et_pb_cta][et_pb_cta title=&#8221;Desbravador(a)&#8221; button_url=&#8221;https:\/\/www.patreon.com\/join\/Exploreparkour\/checkout?rid=8050923&#8243; button_text=&#8221;Inscreva-se&#8221; _builder_version=&#8221;4.17.4&#8243; _module_preset=&#8221;default&#8221; background_color=&#8221;rgba(5,6,9,0.57)&#8221; background_image=&#8221;https:\/\/www.exploreparkour.com\/wp-content\/uploads\/2022\/01\/IMG_1886.jpeg&#8221; background_position=&#8221;top_center&#8221; background_blend=&#8221;darken&#8221; custom_button=&#8221;on&#8221; button_text_size=&#8221;15px&#8221; button_text_color=&#8221;#F4E4DC&#8221; button_bg_color=&#8221;#B20E0E&#8221; button_border_width=&#8221;0px&#8221; button_border_radius=&#8221;24px&#8221; button_letter_spacing=&#8221;3px&#8221; button_font=&#8221;|||on|||||&#8221; button_icon=&#8221;&#x35;||divi||400&#8243; button_alignment=&#8221;center&#8221; hover_enabled=&#8221;0&#8243; header_text_shadow_style=&#8221;preset1&#8243; border_width_all=&#8221;0px&#8221; box_shadow_style=&#8221;preset6&#8243; box_shadow_color=&#8221;#050609&#8243; global_colors_info=&#8221;{}&#8221; sticky_enabled=&#8221;0&#8243;]<\/p>\n<p><strong>15$ dol\u00e1res\/m\u00eas<\/strong><\/p>\n<p><em>&#8220;Voc\u00ea deve entender que h\u00e1 mais de um caminho para o topo da montanha&#8221;. &#8211; Miyamoto Musashi<\/em><\/p>\n<div class=\"sc-jrAGrp bJwA-DL\">\n<div class=\"sc-jrAGrp gRJmcT\">\n<div id=\"8050923\" class=\"sc-hlTvYk YlnjC\">\n<div class=\"sc-1rlfkev-0 jIKaIg\">\n<p><strong> <\/strong><\/p>\n<p><strong><\/strong>Neste tier voc\u00ea conta com nossa experi\u00eancia para ajud\u00e1-lo a atingir seus objetivos no Parkour.  Nossa mentoria tem como objetivo desenvolver suas habilidades e aprofundar seus conhecimentos em rela\u00e7\u00e3o aos conceitos, t\u00e9cnicas, exerc\u00edcios e ideias de treinamento que n\u00f3s utilizamos para n\u00f3s mesmos e para nossos alunos pelo mundo afora.<\/p>\n<p style=\"text-align: left;\"><strong>Atributos<\/strong><\/p>\n<ul>\n<li style=\"text-align: left;\">Acesso ao Conte\u00fado Completo da Explore Parkour<\/li>\n<li style=\"text-align: left;\">Suporte Online dos Conte\u00fados da Explore Parkour<\/li>\n<li style=\"text-align: left;\">Poder de Voto para os Conte\u00fados Futuros<\/li>\n<li style=\"text-align: left;\">Conte\u00fado Exclusivo dos Bastidores<\/li>\n<li style=\"text-align: left;\">Acesso ao Chat da Comunidade Explore Parkour no Discord<\/li>\n<li style=\"text-align: left;\">5 Feedbacks Mensais Remotos<\/li>\n<li style=\"text-align: left;\">2 Sess\u00f5es de Mentoria Online por M\u00eas (de at\u00e9 1:30 hora cada)<\/li>\n<\/ul>\n<\/div>\n<\/div>\n<\/div>\n<\/div>\n<p>[\/et_pb_cta][\/et_pb_column][\/et_pb_row][\/et_pb_section]<\/p>\n","protected":false},"excerpt":{"rendered":"<p>Selecione atrav\u00e9s da Patreon um de nossos Pacotes de Inscri\u00e7\u00e3o! &nbsp;2$ dol\u00e1res\/m\u00eas &#8220;Sozinhos avan\u00e7amos mais r\u00e1pido, por\u00e9m juntos chegamos mais longe&#8221;. Prov\u00e9rbio Burkinabe Com este tier, al\u00e9m do acesso a todo o nosso conte\u00fado t\u00e9cnico, f\u00edsico, conceitual, revis\u00f5es de produtos e nossa biblioteca de jogos, voc\u00ea estar\u00e1 nos ajudando a continuar desenvolvendo nosso banco de [&hellip;]<\/p>\n","protected":false},"author":2,"featured_media":0,"parent":0,"menu_order":0,"comment_status":"closed","ping_status":"closed","template":"","meta":{"_et_pb_use_builder":"on","_et_pb_old_content":"","_et_gb_content_width":"","_uf_show_specific_survey":0,"_uf_disable_surveys":false,"footnotes":""},"class_list":["post-24099","page","type-page","status-publish","hentry"],"_links":{"self":[{"href":"https:\/\/www.exploreparkour.com\/pt-br\/wp-json\/wp\/v2\/pages\/24099","targetHints":{"allow":["GET"]}}],"collection":[{"href":"https:\/\/www.exploreparkour.com\/pt-br\/wp-json\/wp\/v2\/pages"}],"about":[{"href":"https:\/\/www.exploreparkour.com\/pt-br\/wp-json\/wp\/v2\/types\/page"}],"author":[{"embeddable":true,"href":"https:\/\/www.exploreparkour.com\/pt-br\/wp-json\/wp\/v2\/users\/2"}],"replies":[{"embeddable":true,"href":"https:\/\/www.exploreparkour.com\/pt-br\/wp-json\/wp\/v2\/comments?post=24099"}],"version-history":[{"count":5,"href":"https:\/\/www.exploreparkour.com\/pt-br\/wp-json\/wp\/v2\/pages\/24099\/revisions"}],"predecessor-version":[{"id":27144,"href":"https:\/\/www.exploreparkour.com\/pt-br\/wp-json\/wp\/v2\/pages\/24099\/revisions\/27144"}],"wp:attachment":[{"href":"https:\/\/www.exploreparkour.com\/pt-br\/wp-json\/wp\/v2\/media?parent=24099"}],"curies":[{"name":"wp","href":"https:\/\/api.w.org\/{rel}","templated":true}]}}