{"id":28890,"date":"2022-11-18T13:53:15","date_gmt":"2022-11-18T13:53:15","guid":{"rendered":"https:\/\/www.exploreparkour.com\/hakkinda\/jereme-sanders\/"},"modified":"2022-11-18T13:53:22","modified_gmt":"2022-11-18T13:53:22","slug":"jereme-sanders","status":"publish","type":"page","link":"https:\/\/www.exploreparkour.com\/tr\/hakkinda\/jereme-sanders\/","title":{"rendered":"Jereme Sanders"},"content":{"rendered":"<p>[et_pb_section fb_built=&#8221;1&#8243; _builder_version=&#8221;4.4.6&#8243;][et_pb_row column_structure=&#8221;1_2,1_2&#8243; _builder_version=&#8221;4.4.6&#8243; custom_margin=&#8221;-7px|auto||auto||&#8221;][et_pb_column type=&#8221;1_2&#8243; _builder_version=&#8221;4.4.6&#8243;][et_pb_text _builder_version=&#8221;4.4.6&#8243; text_font_size=&#8221;20px&#8221; header_text_align=&#8221;center&#8221; header_font_size=&#8221;36px&#8221; header_4_font=&#8221;||||||||&#8221; header_4_text_color=&#8221;#048c9e&#8221; text_orientation=&#8221;center&#8221; custom_margin=&#8221;||-1px|||&#8221; animation_style=&#8221;fade&#8221; animation_duration=&#8221;1400ms&#8221; header_font_size_tablet=&#8221;30px&#8221; header_font_size_phone=&#8221;24px&#8221; header_font_size_last_edited=&#8221;on|phone&#8221; header_4_font_size_tablet=&#8221;15px&#8221; header_4_font_size_phone=&#8221;14px&#8221; header_4_font_size_last_edited=&#8221;on|desktop&#8221;]<\/p>\n<h1 style=\"text-align: left;\"><b>Jereme Sanders<\/b><\/h1>\n<h4 style=\"text-align: left;\">Kurucu ve \u0130\u00e7erik \u00dcreticisi <\/h4>\n<p>[\/et_pb_text][et_pb_divider color=&#8221;#048c9e&#8221; _builder_version=&#8221;4.4.6&#8243; custom_margin=&#8221;||19px|||&#8221;][\/et_pb_divider][et_pb_image src=&#8221;http:\/\/www.exploreparkour.com\/wp-content\/uploads\/2019\/11\/jereme-profile.jpg&#8221; title_text=&#8221;jereme &#8211; profil&#8221; disabled_on=&#8221;off|off|on&#8221; _builder_version=&#8221;4.4.6&#8243; animation_style=&#8221;fade&#8221; animation_direction=&#8221;bottom&#8221; animation_duration=&#8221;1400ms&#8221;][\/et_pb_image][et_pb_text _builder_version=&#8221;4.4.6&#8243; header_6_letter_spacing=&#8221;1px&#8221; header_6_line_height=&#8221;1.2em&#8221; animation_style=&#8221;fade&#8221; animation_duration=&#8221;1400ms&#8221; text_font_size_tablet=&#8221;16px&#8221; text_font_size_phone=&#8221;16px&#8221; text_font_size_last_edited=&#8221;on|phone&#8221; header_font_size_tablet=&#8221;&#8221; header_font_size_phone=&#8221;30px&#8221; header_font_size_last_edited=&#8221;on|phone&#8221; header_6_font_size_tablet=&#8221;14px&#8221; header_6_font_size_phone=&#8221;14px&#8221; header_6_font_size_last_edited=&#8221;on|tablet&#8221;]<\/p>\n<ul>\n<li><em><strong>1989 |<\/strong> D\u00fcnyaya geldi<\/em><\/li>\n<li><em><strong>2002 |<\/strong> Antrenman yapmaya ba\u015flad\u0131<\/em><\/li>\n<li><em><strong>2003 |<\/strong> Parkour&#8217;a ba\u015flad\u0131<\/em><\/li>\n<li><em><strong>2008 |<\/strong> E\u011fitmenli\u011fe ba\u015flad\u0131<\/em><\/li>\n<\/ul>\n<h6 style=\"text-align: left;\"><strong><\/strong><\/h6>\n<p style=\"text-align: left;\"><strong>Ya\u015fam amac\u0131n nedir? <\/strong><\/p>\n<p>Kendimin en iyi haline ula\u015fmak i\u00e7in ya\u015f\u0131yor ve ba\u015fkalar\u0131na da bu konuda destek olmaya \u00e7al\u0131\u015f\u0131yorum.<\/p>\n<p style=\"text-align: left;\"><strong>En sevdi\u011fin ke\u015ffetme \u015fekli?<\/strong><\/p>\n<p>Arkada\u015flar\u0131mla birlikte hareket etmek, d\u00fcnyada dola\u015f\u0131p atlay\u0131p z\u0131playabilece\u011fim veya yeni yemekler tadabilece\u011fim yerler bulmak.<\/p>\n<ul>\n<li style=\"list-style-type: none;\">\n<\/li>\n<\/ul>\n<p>[\/et_pb_text][\/et_pb_column][et_pb_column type=&#8221;1_2&#8243; _builder_version=&#8221;4.4.6&#8243;][et_pb_image src=&#8221;http:\/\/www.exploreparkour.com\/wp-content\/uploads\/2019\/11\/jereme-profile.jpg&#8221; title_text=&#8221;jereme &#8211; profil&#8221; disabled_on=&#8221;on|on|off&#8221; _builder_version=&#8221;4.4.6&#8243; animation_style=&#8221;fade&#8221; animation_direction=&#8221;bottom&#8221; animation_duration=&#8221;1400ms&#8221;][\/et_pb_image][et_pb_social_media_follow _builder_version=&#8221;4.4.6&#8243; text_orientation=&#8221;right&#8221; animation_style=&#8221;fade&#8221; animation_duration=&#8221;1400ms&#8221;][et_pb_social_media_follow_network social_network=&#8221;instagram&#8221; url=&#8221;https:\/\/www.instagram.com\/jeremesanders\/&#8221; _builder_version=&#8221;4.4.6&#8243; background_color=&#8221;#ea2c59&#8243; follow_button=&#8221;off&#8221; url_new_window=&#8221;on&#8221;]instagram[\/et_pb_social_media_follow_network][et_pb_social_media_follow_network social_network=&#8221;twitter&#8221; url=&#8221;https:\/\/twitter.com\/jeremesanders&#8221; _builder_version=&#8221;4.4.6&#8243; background_color=&#8221;#00aced&#8221; follow_button=&#8221;off&#8221; url_new_window=&#8221;on&#8221;]twitter[\/et_pb_social_media_follow_network][et_pb_social_media_follow_network social_network=&#8221;facebook&#8221; url=&#8221;https:\/\/www.facebook.com\/jeremesanders&#8221; _builder_version=&#8221;4.4.6&#8243; background_color=&#8221;#3b5998&#8243; follow_button=&#8221;off&#8221; url_new_window=&#8221;on&#8221;]facebook[\/et_pb_social_media_follow_network][\/et_pb_social_media_follow][\/et_pb_column][\/et_pb_row][et_pb_row _builder_version=&#8221;4.4.6&#8243;][et_pb_column type=&#8221;4_4&#8243; _builder_version=&#8221;4.4.6&#8243;][et_pb_toggle title=&#8221;Videolar&#8221; _builder_version=&#8221;4.4.6&#8243; hover_enabled=&#8221;0&#8243;]<\/p>\n<p><span style=\"font-weight: 400;\">Herkese merhaba!<\/span><\/p>\n<p>&nbsp;<\/p>\n<p><span style=\"font-weight: 400;\">Sadece detaylarla ilgilenenenler i\u00e7in h\u0131zl\u0131ca bir \u00f6zet ge\u00e7eyim;<\/span><\/p>\n<ul>\n<li style=\"font-weight: 400;\"><span style=\"font-weight: 400;\">Amerika&#8217;n\u0131n (Teksas) 1. jenerasyon Parkour yapanlar\u0131ndan\u0131m.<\/span><\/li>\n<li style=\"font-weight: 400;\"><span style=\"font-weight: 400;\">Hareket ge\u00e7mi\u015fim:<\/span><\/li>\n<ul>\n<li style=\"font-weight: 400;\"><span style=\"font-weight: 400;\">2003&#8217;den beri Japon d\u00f6v\u00fc\u015f sanatlar\u0131ndan Jujitsu,<\/span><\/li>\n<li style=\"font-weight: 400;\"><span style=\"font-weight: 400;\">2007&#8217;den beri kaya t\u0131rman\u0131\u015f\u0131,<\/span><\/li>\n<li style=\"font-weight: 400;\"><span style=\"font-weight: 400;\">2012&#8217;den beri Acroyoga,<\/span><\/li>\n<li style=\"font-weight: 400;\"><span style=\"font-weight: 400;\">2015&#8217;den beri Systema yap\u0131yorum.<\/span><\/li>\n<li style=\"font-weight: 400;\"><span style=\"font-weight: 400;\">2018&#8217;den beri dans (Contemporary, hip hop, breaking) ile ilgileniyorum.<\/span><\/li>\n<li style=\"font-weight: 400;\"><span style=\"font-weight: 400;\">Bu s\u0131rada Yoga, Slackline, Pole Dans, Ninja Warrior alanlar\u0131n\u0131 da deneyimledim. Hareket i\u00e7eren neredeyse her \u015feye ilgim var denebilir.<\/span><\/li>\n<\/ul>\n<li style=\"font-weight: 400;\"><span style=\"font-weight: 400;\">E\u011fitmenlik ve \u00c7al\u0131\u015fma Hayat\u0131m<\/span><\/li>\n<ul>\n<li style=\"font-weight: 400;\"><span style=\"font-weight: 400;\">2005-2008 y\u0131llar\u0131nda Texas Parkour organizasyonunun kurulmas\u0131na yard\u0131m ettim.<\/span><\/li>\n<li style=\"font-weight: 400;\"><span style=\"font-weight: 400;\">2008-2012 y\u0131llar\u0131nda American Parkour \u015firketinde e\u011fitmen ve performans\u00e7\u0131 olarak \u00e7al\u0131\u015ft\u0131m.<\/span><\/li>\n<li style=\"font-weight: 400;\"><span style=\"font-weight: 400;\">2012-2017 y\u0131llar\u0131nda ParkourSA \u015firketini kurdum ve geli\u015ftirdim.<\/span><\/li>\n<li style=\"font-weight: 400;\"><span style=\"font-weight: 400;\">2016-2019 y\u0131llar\u0131 aras\u0131nda ParkourDXB&#8217;de Ba\u015f E\u011fitmen olarak \u00e7al\u0131\u015ft\u0131m.<\/span><\/li>\n<li style=\"font-weight: 400;\"><span style=\"font-weight: 400;\">2019 y\u0131l\u0131n\u0131n Ekim ay\u0131nda bu siteyi kurmak i\u00e7in gereken ilk ad\u0131mlar\u0131 att\u0131m.<\/span><\/li>\n<\/ul>\n<\/ul>\n<ul>\n<li style=\"font-weight: 400;\"><span style=\"font-weight: 400;\">Yapt\u0131\u011f\u0131m Performanslar ve Yer Ald\u0131\u011f\u0131m Reklamlar <\/span><\/li>\n<\/ul>\n<p><span style=\"font-weight: 400;\">Evet, detay verme i\u015fini halletti\u011fimize g\u00f6re art\u0131k konuya d\u00f6nebiliriz. Ben Jereme, dijital olarak da olsa tan\u0131\u015ft\u0131\u011f\u0131m\u0131za memnun oldum. K\u00fc\u00e7\u00fckl\u00fc\u011f\u00fcmden beri hareket etmeye bay\u0131l\u0131r\u0131m. Etraf\u0131mdaki ortam\u0131 ke\u015ffetmeye bay\u0131l\u0131yor, bir ninja oldu\u011fumu hayal ederek d\u00f6v\u00fc\u015f sanatlar\u0131 filmlerinden g\u00f6rd\u00fc\u011f\u00fcm hareketleri taklit ediyordum. \u00c7evremi ke\u015ffetmek, kendi kendime yapt\u0131\u011f\u0131m meydan okumalar ve \u00e7e\u015fitli e\u011flenceler(oyunlar\/filmler) yoluyla \u00e7ok da ideal olmayan ya\u015fam \u015fartlar\u0131m\u0131 g\u00f6rmezden gelip bu eylemleri hayat\u0131mdan uzakla\u015fmak i\u00e7in kullan\u0131yordum. Sonunda 2003 y\u0131l\u0131nda annem ve karde\u015fimle birlikte bol maceral\u0131 ge\u00e7en bir Japon restoran\u0131 aray\u0131\u015f\u0131 s\u0131ras\u0131nda ilk dojo&#8217;mu buldum. Jujitsu e\u011fitimime de orada ba\u015flad\u0131m. K\u0131zg\u0131n ve i\u00e7e d\u00f6n\u00fck bir \u00e7ocuktum. Ayr\u0131ca ne yapaca\u011f\u0131m\u0131 bilemedi\u011fim bitmez t\u00fckenmez bir enerjim vard\u0131. <\/span><\/p>\n<p><span style=\"font-weight: 400;\"> K\u0131sa bir s\u00fcre sonra Ripley&#8217;s Believe It or Not m\u00fczesinde Yamakasi grubunun bir videosuna rastlad\u0131m ve Parkour yolculu\u011fum ba\u015flam\u0131\u015f oldu. Bu disiplinleri bulup kendimi onlara adamam sayesinde ya\u015fad\u0131\u011f\u0131m deneyimler, tan\u0131\u015ft\u0131\u011f\u0131m insanlar, \u00fcstesinden geldi\u011fim zorluklar ve ald\u0131\u011f\u0131m dersler hem beni k\u00f6t\u00fc yola d\u00fc\u015fmekten kurtard\u0131 hem de hayat amac\u0131m\u0131 \u015fekillendirmeme yard\u0131m etti.<\/span><\/p>\n<ol>\n<li style=\"font-weight: 400;\"><span style=\"font-weight: 400;\">Bedenimi ve zihnimi kullanmakta ustala\u015fmak ve insan olarak kapasitemi ve yapabileceklerimi g\u00f6rebilmek istiyorum. Olabilece\u011fim &#8216;ben&#8217;in en iyisini olabilmek istiyorum.<\/span><\/li>\n<li style=\"font-weight: 400;\"><span style=\"font-weight: 400;\">Bu d\u00fcnyadan ayr\u0131l\u0131rken geride b\u0131rakt\u0131\u011f\u0131m d\u00fcnyan\u0131n benim buldu\u011fum versiyonundan daha iyi olmas\u0131n\u0131 istiyorum.<\/span><\/li>\n<\/ol>\n<p><span style=\"font-weight: 400;\"> Bu hedefler San Antonio&#8217;daki dojo&#8217;yu buldu\u011fum o \u015fansl\u0131 g\u00fcnden beri ilkelerime rehberlik ediyor. O g\u00fcnden beri Amerika&#8217;da ve ba\u015fka \u00fclkelerde toplamda binlerce ki\u015fiye e\u011fitim verdim. Tribe ekibindeyken sponsorluk alan ilk \u015fansl\u0131 Parkour&#8217;culardan biri oldum (O s\u0131rada KSwiss freerun ayakkab\u0131s\u0131 pazarlamaya \u00e7al\u0131\u015f\u0131yordu). NAPC&#8217;nin ilk yar\u0131\u015fmalar\u0131ndan birinde, stil kategorisi ad\u0131 alt\u0131nda Jared Davis ile birlikte ikincili\u011fe yerle\u015ftik. Evsiz kald\u0131m. Kendimi geli\u015ftirdim, ilerledim, geriledim ve daha nice \u015feyler yapt\u0131m ve ya\u015fad\u0131m. Ama bana y\u00f6n veren ilkelerim hi\u00e7 de\u011fi\u015fmedi. \u015eu an bulundu\u011fum noktadan \u00e7ok memnunum. Parkour sayesinde ba\u015flad\u0131\u011f\u0131m bu yolculukta yapaca\u011f\u0131m hatalar\u0131, \u00f6\u011frenece\u011fim \u015feyleri ve insanlarla kuraca\u011f\u0131m ba\u011flant\u0131lar\u0131 heyecanla bekliyorum. Hala ilk hedeflerime ba\u011fl\u0131 ilerlemekle birlikte ayr\u0131ca Parkour&#8217;u benim onu ya\u015fad\u0131\u011f\u0131m \u015fekliyle payla\u015fmak istiyorum; ki\u015fiyi hem hareket baz\u0131nda hem insan olarak geli\u015ftirebilen \u00e7ok g\u00fczel ve derin bir disiplin olarak. Bunu yaparken de \u00f6\u011frenmeye, bir \u015feyler \u00fcretmeye ve etraf\u0131mdaki insanlara yard\u0131m etmeye devam etmek istiyorum. Bu web sitesinin b\u00fct\u00fcn bu hayal ve hedeflerimi ger\u00e7ekle\u015ftirebilmeme vesile olaca\u011f\u0131na inan\u0131yorum.<\/span><\/p>\n<p>[\/et_pb_toggle][\/et_pb_column][\/et_pb_row][et_pb_row _builder_version=&#8221;4.4.6&#8243;][et_pb_column type=&#8221;4_4&#8243; _builder_version=&#8221;4.4.6&#8243;][et_pb_video src=&#8221;https:\/\/www.youtube.com\/watch?v=zpglc7o_3bo&#8221; _builder_version=&#8221;4.4.6&#8243; animation_style=&#8221;fade&#8221; animation_duration=&#8221;1400ms&#8221;][\/et_pb_video][\/et_pb_column][\/et_pb_row][\/et_pb_section]<\/p>\n","protected":false},"excerpt":{"rendered":"<p>Jereme Sanders Kurucu ve \u0130\u00e7erik \u00dcreticisi 1989 | D\u00fcnyaya geldi 2002 | Antrenman yapmaya ba\u015flad\u0131 2003 | Parkour&#8217;a ba\u015flad\u0131 2008 | E\u011fitmenli\u011fe ba\u015flad\u0131 Ya\u015fam amac\u0131n nedir? Kendimin en iyi haline ula\u015fmak i\u00e7in ya\u015f\u0131yor ve ba\u015fkalar\u0131na da bu konuda destek olmaya \u00e7al\u0131\u015f\u0131yorum. En sevdi\u011fin ke\u015ffetme \u015fekli? Arkada\u015flar\u0131mla birlikte hareket etmek, d\u00fcnyada dola\u015f\u0131p atlay\u0131p z\u0131playabilece\u011fim veya yeni [&hellip;]<\/p>\n","protected":false},"author":2,"featured_media":0,"parent":28867,"menu_order":0,"comment_status":"closed","ping_status":"closed","template":"","meta":{"_et_pb_use_builder":"on","_et_pb_old_content":"","_et_gb_content_width":"","_uf_show_specific_survey":0,"_uf_disable_surveys":false,"footnotes":""},"class_list":["post-28890","page","type-page","status-publish","hentry"],"_links":{"self":[{"href":"https:\/\/www.exploreparkour.com\/tr\/wp-json\/wp\/v2\/pages\/28890","targetHints":{"allow":["GET"]}}],"collection":[{"href":"https:\/\/www.exploreparkour.com\/tr\/wp-json\/wp\/v2\/pages"}],"about":[{"href":"https:\/\/www.exploreparkour.com\/tr\/wp-json\/wp\/v2\/types\/page"}],"author":[{"embeddable":true,"href":"https:\/\/www.exploreparkour.com\/tr\/wp-json\/wp\/v2\/users\/2"}],"replies":[{"embeddable":true,"href":"https:\/\/www.exploreparkour.com\/tr\/wp-json\/wp\/v2\/comments?post=28890"}],"version-history":[{"count":5,"href":"https:\/\/www.exploreparkour.com\/tr\/wp-json\/wp\/v2\/pages\/28890\/revisions"}],"predecessor-version":[{"id":28895,"href":"https:\/\/www.exploreparkour.com\/tr\/wp-json\/wp\/v2\/pages\/28890\/revisions\/28895"}],"up":[{"embeddable":true,"href":"https:\/\/www.exploreparkour.com\/tr\/wp-json\/wp\/v2\/pages\/28867"}],"wp:attachment":[{"href":"https:\/\/www.exploreparkour.com\/tr\/wp-json\/wp\/v2\/media?parent=28890"}],"curies":[{"name":"wp","href":"https:\/\/api.w.org\/{rel}","templated":true}]}}